{"id":3293,"date":"2014-10-02T19:20:43","date_gmt":"2014-10-02T19:20:43","guid":{"rendered":"http:\/\/www.isas.edu.ar\/web\/?page_id=3293"},"modified":"2025-02-03T09:07:28","modified_gmt":"2025-02-03T12:07:28","slug":"guia-de-trekking","status":"publish","type":"page","link":"https:\/\/www.isas.edu.ar\/web\/guia-de-trekking\/","title":{"rendered":"Gu\u00eda de Trekking"},"content":{"rendered":"<table style=\"height: 2px; border-color: #2b2a2a; background-color: #ded9d9;\" border=\"5\" width=\"713\" cellpadding=\"2\">\n<tbody>\n<tr>\n<td><span style=\"color: #000000;\"><span style=\"font-size: 14pt;\"><strong>GTREKK <\/strong><\/span><span style=\"font-size: 12pt;\">\u00a0&#8211; \u00a0<strong>guia de trekking<\/strong><\/span><\/span><\/td>\n<\/tr>\n<\/tbody>\n<\/table>\n<p>&nbsp;<\/p>\n<hr \/>\n<p style=\"text-align: center;\"><span style=\"font-size: 12pt; color: #000000;\"><strong><em>La orientaci\u00f3n de la carrera en trekking<\/em><\/strong><\/span><\/p>\n<hr \/>\n<p style=\"text-align: center;\"><b><i><span style=\"text-decoration: underline;\">T\u00edtulo Oficial de Nivel Terciario:<\/span> \u00a0T\u00e9cnico Superior en Gu\u00eda de Trekking\u00a0 \u00a0(3 a\u00f1os)<\/i><\/b><\/p>\n<p style=\"text-align: center;\"><span style=\"color: #000000;\"><em>Aprobado por\u00a0 el Ministerio de Educaci\u00f3n de la Ciudad de Buenos Aires.<\/em><\/span><\/p>\n<p style=\"text-align: center;\"><span style=\"color: #000000;\"><em>Validez Nacional.<\/em><\/span><\/p>\n<p style=\"text-align: center;\"><span style=\"color: #000000;\"><em>Habilitado por Parques Nacionales para desempe\u00f1arse como gu\u00eda especializado.<\/em><\/span><\/p>\n<p style=\"text-align: center;\"><span style=\"color: #000000;\"><em>Otorga puntaje docente \u2013 2 puntos a profesores de Educaci\u00f3n F\u00edsica \u2013 en el rubro otros t\u00edtulos<\/em><\/span><\/p>\n<p style=\"text-align: center;\"><span style=\"color: #ffffff;\"><span style=\"font-size: 14px; background-color: #d46546;\"><b>PR\u00d3XIMA INSCRIPCION: 2026<\/b><\/span><\/span><\/p>\n<hr \/>\n<p style=\"text-align: center;\"><span style=\"color: #000000;\"><strong>Profesional capacitado para dominar las t\u00e9cnicas de desplazamiento en m\u00faltiples terrenos y escenarios,<\/strong><\/span><\/p>\n<p style=\"text-align: center;\"><span style=\"color: #000000;\"><strong> adquiriendo tambi\u00e9n la capacidad de aplicar primeros auxilios en zonas remotas y agrestes.<\/strong><\/span><\/p>\n<hr \/>\n<hr \/>\n<p><span style=\"color: #000000;\"><strong><em>INCUMBENCIA DEL T\u00cdTULO. \u00a0<\/em><\/strong><\/span><\/p>\n<p><strong><span style=\"color: #000000;\"><em>El T\u00edtulo de T\u00e9cnico Superior en Gu\u00eda de Turismo de Trekking en Cordillera habilita al egresado para:<\/em><\/span><\/strong><\/p>\n<ul>\n<li>Guiar, conducir, organizar y comercializar excursiones de senderismo y trekking en todos los terrenos que no superen la cota de los 4500 metros sobre el nivel del mar incluyendo los \u00e1mbitos urbanos, de sierras y cordilleras, la selva paranaense y yungas, y siempre que no superen el grado 3 de dificultad t\u00e9cnica de escalada en roca (cierta dificultad, con frecuencia terreno escarpado y el ritmo de 3 puntos puede ser necesario; y\/o los 30 grados de inclinaci\u00f3n media durante toda la excursi\u00f3n), sin incluir terreno donde la nieve pudiera intervenir como factor meteorol\u00f3gico y condicionar el normal desenvolvimiento de la excursi\u00f3n.<\/li>\n<li>Planificar, dise\u00f1ar y operar senderos de trekking y senderos interpretativos en la naturaleza en general, tanto urbanos como agrestes.<\/li>\n<li>Participar activamente en patrullas y equipos de rescate y brindar primeros auxilios en zonas agrestes y urbanas, bajo la responsabilidad de aquel que act\u00fae como jefe de operaciones.<\/li>\n<li>Asistir a un Gu\u00eda de Monta\u00f1a en los escenarios y condiciones que \u00e9ste crea conveniente y bajo la responsabilidad del mismo.<\/li>\n<\/ul>\n<p><span style=\"font-family: Raleway, geneva;\">\u00a0<\/span><\/p>\n<hr \/>\n<p><span style=\"color: #000000;\"><strong><em>LOS EGRESADOS EST\u00c1N HABILITADOS POR PARQUES NACIONALES EN LAS CATEGOR\u00cdAS DE GU\u00cdAS ESPECIALIZADOS:<\/em><\/strong><\/span><\/p>\n<ul>\n<li><strong><span style=\"font-size: 10pt; color: #333333;\"><em>GU\u00cdA DE TREKKING EN SENDEROS<\/em><\/span><\/strong><\/li>\n<li><strong><span style=\"font-size: 10pt; color: #333333;\"><em>GUIA DE TREKKING EN SIERRAS<\/em><\/span><\/strong><\/li>\n<\/ul>\n<p>&nbsp;<\/p>\n<hr \/>\n<p><em><strong>PLAN DE ESTUDIOS:<\/strong><\/em><\/p>\n<p>&nbsp;<\/p>\n<div class=\"gdlr-shortcode-wrapper gdlr-row-shortcode\">\n<div class=\"four columns\">\n<div class=\"gdlr-item gdlr-column-shortcode\">\n<p style=\"text-align: center;\"><span style=\"font-family: Raleway, helvetica, sans-serif;\"><img loading=\"lazy\" decoding=\"async\" class=\"aligncenter wp-image-3992 size-full\" src=\"http:\/\/www.isas.edu.ar\/web\/wp-content\/uploads\/2014\/10\/1.png\" alt=\"1\" width=\"70\" height=\"70\" \/><br \/>\nEntrenamiento para trekking de traves\u00eda<\/span><\/p>\n<p style=\"text-align: center;\"><span style=\"font-family: Raleway, helvetica, sans-serif;\">T\u00e9cnica de orientaci\u00f3n y cartograf\u00eda<\/span><br \/>\n<span style=\"font-family: Raleway, helvetica, sans-serif;\">Iniciaci\u00f3n al senderismo<\/span><br \/>\n<span style=\"font-family: Raleway, helvetica, sans-serif;\">Tecnolog\u00eda Aplicada<\/span><br \/>\n<span style=\"font-family: Raleway, helvetica, sans-serif;\">Cabuyer\u00eda y rappel<\/span><br \/>\n<span style=\"font-family: Raleway, helvetica, sans-serif;\">T\u00e9cnicas de guiado<\/span><br \/>\n<span style=\"font-family: Raleway, helvetica, sans-serif;\">Ecolog\u00eda y protecci\u00f3n ambiental<\/span><\/p>\n<p style=\"text-align: center;\"><span style=\"font-family: Raleway, helvetica, sans-serif;\">Relevamiento de circuitos de trekking<\/span><br \/>\n<span style=\"font-family: Raleway, helvetica, sans-serif;\">Cartograf\u00eda<\/span><br \/>\n<span style=\"font-family: Raleway, helvetica, sans-serif;\">Senderismo y trekking urbano<\/span><br \/>\n<span style=\"font-family: Raleway, helvetica, sans-serif;\">Cabuyeria Avanzada<\/span><br \/>\n<span style=\"font-family: Raleway, helvetica, sans-serif;\">Psicolog\u00eda de Grupos<\/span><br \/>\n<span style=\"font-family: Raleway, helvetica, sans-serif;\">Recreaci\u00f3n y animaci\u00f3n sociocultural<\/span><\/p>\n<\/div>\n<\/div>\n<div class=\"four columns\">\n<div class=\"gdlr-item gdlr-column-shortcode\">\n<p style=\"text-align: center;\"><span style=\"font-family: Raleway, helvetica, sans-serif;\"><img loading=\"lazy\" decoding=\"async\" class=\"aligncenter size-full wp-image-3993\" src=\"http:\/\/www.isas.edu.ar\/web\/wp-content\/uploads\/2014\/10\/2.png\" alt=\"2\" width=\"70\" height=\"70\" \/><br \/>\nEntrenamiento para Trekking de Monta\u00f1a<\/span><\/p>\n<p style=\"text-align: center;\"><span style=\"font-family: Raleway, helvetica, sans-serif;\">Introducci\u00f3n a los primeros auxilios<\/span><br \/>\n<span style=\"font-family: Raleway, helvetica, sans-serif;\">Nutrici\u00f3n<\/span><br \/>\n<span style=\"font-family: Raleway, helvetica, sans-serif;\">Senderismo y trekking de monta\u00f1a<\/span><br \/>\n<span style=\"font-family: Raleway, helvetica, sans-serif;\">Radiocomunicaciones en zonas remotas<\/span><br \/>\n<span style=\"font-family: Raleway, helvetica, sans-serif;\">Geologia y ambiente<\/span><\/p>\n<p style=\"text-align: center;\"><span style=\"font-family: Raleway, helvetica, sans-serif;\">Primeros Auxilios en zonas agrestes<br \/>\n<span style=\"font-family: Raleway, helvetica, sans-serif;\">Ingl\u00e9s<\/span><br \/>\n<span style=\"font-family: Raleway, helvetica, sans-serif;\">T\u00e9cnicas Avanzadas de trekking en monta\u00f1a<\/span><br \/>\n<span style=\"font-family: Raleway, helvetica, sans-serif;\">Liderazgo y gesti\u00f3n de grupos en la naturaleza<\/span><br \/>\n<\/span><\/p>\n<p>&nbsp;<\/p>\n<\/div>\n<\/div>\n<div class=\"four columns\">\n<div class=\"gdlr-item gdlr-column-shortcode\">\n<p style=\"text-align: center;\"><span style=\"font-family: Raleway, helvetica, sans-serif;\"><img loading=\"lazy\" decoding=\"async\" class=\"aligncenter size-full wp-image-3994\" src=\"http:\/\/www.isas.edu.ar\/web\/wp-content\/uploads\/2014\/10\/3.png\" alt=\"3\" width=\"70\" height=\"70\" \/><br \/>\nTraves\u00edas en zonas agrestes<\/span><br \/>\n<span style=\"font-family: Raleway, helvetica, sans-serif;\">Elaboraci\u00f3n de proyectos y estilos de comunicaci\u00f3n<\/span><br \/>\n<span style=\"font-family: Raleway, helvetica, sans-serif;\">Dise\u00f1o y categorizaci\u00f3n de senderos<\/span><br \/>\n<span style=\"font-family: Raleway, helvetica, sans-serif;\">Legislaci\u00f3n y \u00e9tica profesional<\/span><br \/>\n<span style=\"font-family: Raleway, helvetica, sans-serif;\">Ingl\u00e9s Nivel II<\/span><br \/>\n<span style=\"font-family: Raleway, helvetica, sans-serif;\">Meteorolog\u00eda<\/span><\/p>\n<p style=\"text-align: center;\"><span style=\"font-family: Raleway, helvetica, sans-serif;\">Marketing digital<\/span><br \/>\n<span style=\"font-family: Raleway, helvetica, sans-serif;\">Geograf\u00eda y regiones tur\u00edsticas argentinas<\/span><br \/>\n<span style=\"font-family: Raleway, helvetica, sans-serif;\">Patrimonio cultural argentino<\/span><br \/>\n<span style=\"font-family: Raleway, helvetica, sans-serif;\">Ingl\u00e9s Nivel III<\/span><br \/>\n<span style=\"font-family: Raleway, helvetica, sans-serif;\">\u00c1reas protegidas<\/span><br \/>\n<span style=\"font-family: Raleway, helvetica, sans-serif;\">Pr\u00e1ctica integradora final en senderismo y trekking<\/span><\/p>\n<p style=\"text-align: center;\"><\/div>\n<\/div>\n<div class=\"clear\"><\/div>\n<\/div>\n<p><span style=\"font-family: Raleway, geneva;\">\u00a0<\/span><span style=\"font-family: Raleway, geneva;\">\u00a0<\/span><\/p>\n<table style=\"height: 2px; border-color: #2b2a2a; background-color: #ded9d9;\" border=\"5\" width=\"713\" cellpadding=\"2\">\n<tbody>\n<tr>\n<td><span style=\"font-size: 14pt;\"><strong>PLAN DE SALIDAS<\/strong><\/span><\/td>\n<\/tr>\n<\/tbody>\n<\/table>\n<p style=\"text-align: justify;\"><span style=\"font-size: 12pt;\"><strong><em>\u00a0 \u00a0<\/em><\/strong><\/span><\/p>\n<p style=\"text-align: justify;\"><span style=\"font-family: Raleway, geneva; text-align: justify;\">Los alumnos deber\u00e1n realizar salidas a lo largo de la carrera, son trabajos de campo obligatorios en diversos destinos del pa\u00eds. Durante las salidas se integran conocimientos de las distintas materias, poniendo \u00e9nfasis en la aplicaci\u00f3n pr\u00e1ctica de contenidos.<\/span><\/p>\n<p style=\"text-align: justify;\"><span style=\"font-family: Raleway, geneva;\">\u00a0<\/span><\/p>\n<p><span style=\"font-family: Raleway, geneva;\">\u00a0<\/span><\/p>\n<p><span style=\"font-family: Raleway, geneva;\"><a href=\"http:\/\/www.isas.edu.ar\/web\/wp-content\/uploads\/2014\/10\/salidas.png\"><img loading=\"lazy\" decoding=\"async\" class=\"aligncenter wp-image-4002 size-full\" src=\"http:\/\/www.isas.edu.ar\/web\/wp-content\/uploads\/2014\/10\/salidas.png\" alt=\"salidas\" width=\"960\" height=\"173\" srcset=\"https:\/\/www.isas.edu.ar\/web\/wp-content\/uploads\/2014\/10\/salidas.png 960w, https:\/\/www.isas.edu.ar\/web\/wp-content\/uploads\/2014\/10\/salidas-300x54.png 300w\" sizes=\"(max-width: 960px) 100vw, 960px\" \/><br \/>\n<\/a><\/span><\/p>\n<p><span style=\"font-family: Raleway, geneva;\">\u00a0<\/span><\/p>\n<p><span style=\"font-family: Raleway, geneva;\">\u00a0<\/span><\/p>\n\n\t\t<!-- MasterSlider -->\n\t\t<div id=\"P_MS6a07e6f861175\" class=\"master-slider-parent msl ms-thumbs-template ms-parent-id-30\" style=\"max-width:100%;\">\n\n\t\t\t\n\t\t\t<!-- MasterSlider Main -->\n\t\t\t<div id=\"MS6a07e6f861175\" class=\"master-slider ms-skin-default\" >\n\t\t\t\t \t\t\t\t \n\t\t\t\t<div  class=\"ms-slide\" data-delay=\"3\" data-fill-mode=\"fill\"  >\n\t\t\t\t\t<img decoding=\"async\" src=\"https:\/\/www.isas.edu.ar\/web\/wp-content\/plugins\/master-slider\/public\/assets\/css\/blank.gif\" alt=\"\" title=\"\" data-src=\"https:\/\/www.isas.edu.ar\/web\/wp-content\/uploads\/2014\/10\/web4-489x350.jpg\" \/>\n\n\n\t<img decoding=\"async\" class=\"ms-thumb\" src=\"https:\/\/www.isas.edu.ar\/web\/wp-content\/uploads\/2014\/10\/web4-127x137.jpg\" alt=\"\" \/>\n\t<div class=\"ms-thumb\" ><div class=\"ms-tab-context\"><div class=&quot;ms-tab-context&quot;><\/div><\/div>\n<\/div>\n\t\t\t\t<\/div>\n\t\t\t\t<div  class=\"ms-slide\" data-delay=\"3\" data-fill-mode=\"fill\"  >\n\t\t\t\t\t<img decoding=\"async\" src=\"https:\/\/www.isas.edu.ar\/web\/wp-content\/plugins\/master-slider\/public\/assets\/css\/blank.gif\" alt=\"\" title=\"\" data-src=\"https:\/\/www.isas.edu.ar\/web\/wp-content\/uploads\/2014\/10\/isas48-489x350.jpg\" \/>\n\n\n\t<img decoding=\"async\" class=\"ms-thumb\" src=\"https:\/\/www.isas.edu.ar\/web\/wp-content\/uploads\/2014\/10\/isas48-127x137.jpg\" alt=\"\" \/>\n\t<div class=\"ms-thumb\" ><div class=\"ms-tab-context\"><div class=&quot;ms-tab-context&quot;><\/div><\/div>\n<\/div>\n\t\t\t\t<\/div>\n\t\t\t\t<div  class=\"ms-slide\" data-delay=\"3\" data-fill-mode=\"fill\"  >\n\t\t\t\t\t<img decoding=\"async\" src=\"https:\/\/www.isas.edu.ar\/web\/wp-content\/plugins\/master-slider\/public\/assets\/css\/blank.gif\" alt=\"\" title=\"\" data-src=\"https:\/\/www.isas.edu.ar\/web\/wp-content\/uploads\/2021\/10\/WhatsApp-Image-2021-10-25-at-11.54.44-1-489x350.jpeg\" \/>\n\n\n\t<img decoding=\"async\" class=\"ms-thumb\" src=\"https:\/\/www.isas.edu.ar\/web\/wp-content\/uploads\/2021\/10\/WhatsApp-Image-2021-10-25-at-11.54.44-1-127x137.jpeg\" alt=\"\" \/>\n\t<div class=\"ms-thumb\" ><div class=\"ms-tab-context\"><div class=&quot;ms-tab-context&quot;><\/div><\/div>\n<\/div>\n\t\t\t\t<\/div>\n\t\t\t\t<div  class=\"ms-slide\" data-delay=\"3\" data-fill-mode=\"fill\"  >\n\t\t\t\t\t<img decoding=\"async\" src=\"https:\/\/www.isas.edu.ar\/web\/wp-content\/plugins\/master-slider\/public\/assets\/css\/blank.gif\" alt=\"\" title=\"\" data-src=\"https:\/\/www.isas.edu.ar\/web\/wp-content\/uploads\/2018\/11\/DSC_7374-min-489x350.jpg\" \/>\n\n\n\t<img decoding=\"async\" class=\"ms-thumb\" src=\"https:\/\/www.isas.edu.ar\/web\/wp-content\/uploads\/2018\/11\/DSC_7374-min-127x137.jpg\" alt=\"\" \/>\n\t<div class=\"ms-thumb\" ><div class=\"ms-tab-context\"><div class=&quot;ms-tab-context&quot;><\/div><\/div>\n<\/div>\n\t\t\t\t<\/div>\n\n\t\t\t<\/div>\n\t\t\t<!-- END MasterSlider Main -->\n\n\t\t\t \n\t\t<\/div>\n\t\t<!-- END MasterSlider -->\n\n\t\t<script>\n\t\t(function ( $ ) {\n\t\t\t\"use strict\";\n\n\t\t\t$(function () {\n\t\t\t\tvar masterslider_1175 = new MasterSlider();\n\n\t\t\t\t\/\/ slider controls\n\t\t\t\tmasterslider_1175.control('arrows'     ,{ autohide:true, overVideo:true  });\n\t\t\t\tmasterslider_1175.control('thumblist'  ,{ autohide:false, overVideo:true, dir:'v', speed:17, inset:false, arrows:false, hover:false, customClass:'', align:'right',type:'thumbs', margin:5, width:127, height:137, space:5, fillMode:'fill'  });\n\t\t\t\tmasterslider_1175.control('scrollbar'  ,{ autohide:false, overVideo:true, dir:'h', inset:true, align:'top', color:'#3D3D3D' , margin:10  , width:4 });\n\t\t\t\t\/\/ slider setup\n\t\t\t\tmasterslider_1175.setup(\"MS6a07e6f861175\", {\n\t\t\t\t\t\twidth           : 489,\n\t\t\t\t\t\theight          : 350,\n\t\t\t\t\t\tminHeight       : 0,\n\t\t\t\t\t\tspace           : 0,\n\t\t\t\t\t\tstart           : 1,\n\t\t\t\t\t\tgrabCursor      : true,\n\t\t\t\t\t\tswipe           : true,\n\t\t\t\t\t\tmouse           : true,\n\t\t\t\t\t\tlayout          : \"partialview\",\n\t\t\t\t\t\twheel           : false,\n\t\t\t\t\t\tautoplay        : true,\n\t\t\t\t\t\tinstantStartLayers:false,\n\t\t\t\t\t\tloop            : true,\n\t\t\t\t\t\tshuffle         : false,\n\t\t\t\t\t\tpreload         : 0,\n\t\t\t\t\t\theightLimit     : true,\n\t\t\t\t\t\tautoHeight      : true,\n\t\t\t\t\t\tsmoothHeight    : true,\n\t\t\t\t\t\tendPause        : false,\n\t\t\t\t\t\toverPause       : true,\n\t\t\t\t\t\tfillMode        : \"fill\",\n\t\t\t\t\t\tcenterControls  : true,\n\t\t\t\t\t\tstartOnAppear   : false,\n\t\t\t\t\t\tlayersMode      : \"center\",\n\t\t\t\t\t\thideLayers      : false,\n\t\t\t\t\t\tfullscreenMargin: 0,\n\t\t\t\t\t\tspeed           : 2,\n\t\t\t\t\t\tdir             : \"h\",\n\t\t\t\t\t\tparallaxMode    : 'swipe',\n\t\t\t\t\t\tview            : \"flow\"\n\t\t\t\t});\n\n\t\t\t\t\n\t\t\t\twindow.masterslider_instances = window.masterslider_instances || [];\n\t\t\t\twindow.masterslider_instances.push( masterslider_1175 );\n\t\t\t });\n\n\t\t})(jQuery);\n\t\t<\/script>\n\n\n<p>&nbsp;<\/p>\n<p class=\"Default\"><img loading=\"lazy\" decoding=\"async\" class=\"aligncenter size-full wp-image-4050\" src=\"http:\/\/www.isas.edu.ar\/web\/wp-content\/uploads\/2014\/10\/contacto.png\" alt=\"contacto\" width=\"93\" height=\"91\" \/><\/p>\n<p class=\"Default\" style=\"text-align: center;\"><a title=\"CONTACTO\" href=\"http:\/\/www.isas.edu.ar\/web\/contacto-2\/\" target=\"_blank\" rel=\"noopener noreferrer\">\u00bfAlguna duda?<\/a><\/p>\n","protected":false},"excerpt":{"rendered":"<p>GTREKK \u00a0&#8211; \u00a0guia de trekking &nbsp; La orientaci\u00f3n de la carrera en trekking T\u00edtulo Oficial de Nivel Terciario: \u00a0T\u00e9cnico Superior en Gu\u00eda de Trekking\u00a0 \u00a0(3 a\u00f1os) Aprobado por\u00a0 el Ministerio de Educaci\u00f3n de la Ciudad de Buenos Aires. Validez Nacional. Habilitado por Parques Nacionales para desempe\u00f1arse como gu\u00eda especializado. Otorga puntaje docente \u2013 2 puntos&#8230; <\/p>\n<div class=\"clear\"><\/div>\n<p><a href=\"https:\/\/www.isas.edu.ar\/web\/guia-de-trekking\/\" class=\"gdlr-button with-border excerpt-read-more\">Read More<\/a><\/p>\n","protected":false},"author":1,"featured_media":0,"parent":0,"menu_order":0,"comment_status":"closed","ping_status":"closed","template":"","meta":{"footnotes":""},"_links":{"self":[{"href":"https:\/\/www.isas.edu.ar\/web\/wp-json\/wp\/v2\/pages\/3293"}],"collection":[{"href":"https:\/\/www.isas.edu.ar\/web\/wp-json\/wp\/v2\/pages"}],"about":[{"href":"https:\/\/www.isas.edu.ar\/web\/wp-json\/wp\/v2\/types\/page"}],"author":[{"embeddable":true,"href":"https:\/\/www.isas.edu.ar\/web\/wp-json\/wp\/v2\/users\/1"}],"replies":[{"embeddable":true,"href":"https:\/\/www.isas.edu.ar\/web\/wp-json\/wp\/v2\/comments?post=3293"}],"version-history":[{"count":10,"href":"https:\/\/www.isas.edu.ar\/web\/wp-json\/wp\/v2\/pages\/3293\/revisions"}],"predecessor-version":[{"id":28520,"href":"https:\/\/www.isas.edu.ar\/web\/wp-json\/wp\/v2\/pages\/3293\/revisions\/28520"}],"wp:attachment":[{"href":"https:\/\/www.isas.edu.ar\/web\/wp-json\/wp\/v2\/media?parent=3293"}],"curies":[{"name":"wp","href":"https:\/\/api.w.org\/{rel}","templated":true}]}}