{"id":5722,"date":"2018-12-31T08:27:45","date_gmt":"2018-12-31T11:27:45","guid":{"rendered":"http:\/\/www.isas.edu.ar\/web\/?page_id=5722"},"modified":"2023-11-14T08:55:05","modified_gmt":"2023-11-14T11:55:05","slug":"postitulo-en-campamentos-educativos","status":"publish","type":"page","link":"http:\/\/www.isas.edu.ar\/web\/postitulo-en-campamentos-educativos\/","title":{"rendered":"Postitulo en Campamentos Educativos y Educaci\u00f3n Ambiental"},"content":{"rendered":"<p style=\"text-align: center;\"><b><i><span style=\"text-decoration: underline;\">Especializaci\u00f3n <strong>\u00a0de Nivel Superior<\/strong>:<\/span>\u00a0 <\/i><\/b><\/p>\n<p style=\"text-align: center;\"><b><i>Campamentos Educativos y Educaci\u00f3n Ambiental\u00a0 \u00a0(1 a\u00f1o + salida integradora)<\/i><\/b><\/p>\n<p style=\"text-align: center;\"><strong>Requisitos:\u00a0 docentes de todos los niveles<em>, <\/em><\/strong><\/p>\n<p style=\"text-align: center;\"><strong><em>T\u00e9cnicos en Recreaci\u00f3n y Tiempo Libre, Gu\u00edas de Turismo\u00a0<\/em><\/strong><\/p>\n<p style=\"text-align: center;\">\n<div class=\"gdlr-shortcode-wrapper\"><div class=\"gdlr-gallery-item gdlr-item\" ><div class=\"gallery-column one-fifth column\"><div class=\"gallery-item\"><a href=\"http:\/\/www.isas.edu.ar\/web\/wp-content\/uploads\/2020\/11\/Hua-Hum-2010-282-1.jpg\" data-fancybox-group=\"gdlr-gal-1\" data-rel=\"fancybox\" ><img loading=\"lazy\" decoding=\"async\" src=\"http:\/\/www.isas.edu.ar\/web\/wp-content\/uploads\/2020\/11\/Hua-Hum-2010-282-1-150x150.jpg\" alt=\"\" width=\"150\" height=\"150\" \/><\/a><\/div><\/div><div class=\"gallery-column one-fifth column\"><div class=\"gallery-item\"><a href=\"http:\/\/www.isas.edu.ar\/web\/wp-content\/uploads\/2020\/11\/Hua-Hum-2010-377.jpg\" data-fancybox-group=\"gdlr-gal-1\" data-rel=\"fancybox\" ><img loading=\"lazy\" decoding=\"async\" src=\"http:\/\/www.isas.edu.ar\/web\/wp-content\/uploads\/2020\/11\/Hua-Hum-2010-377-150x150.jpg\" alt=\"\" width=\"150\" height=\"150\" \/><\/a><\/div><\/div><div class=\"gallery-column one-fifth column\"><div class=\"gallery-item\"><a href=\"http:\/\/www.isas.edu.ar\/web\/wp-content\/uploads\/2020\/11\/12003884_10207179555942232_7443097520885391910_n.jpg\" data-fancybox-group=\"gdlr-gal-1\" data-rel=\"fancybox\" ><img loading=\"lazy\" decoding=\"async\" src=\"http:\/\/www.isas.edu.ar\/web\/wp-content\/uploads\/2020\/11\/12003884_10207179555942232_7443097520885391910_n-150x150.jpg\" alt=\"\" width=\"150\" height=\"150\" \/><\/a><\/div><\/div><div class=\"gallery-column one-fifth column\"><div class=\"gallery-item\"><a href=\"http:\/\/www.isas.edu.ar\/web\/wp-content\/uploads\/2020\/11\/12032132_10207179437259265_5261289085299751944_n.jpg\" data-fancybox-group=\"gdlr-gal-1\" data-rel=\"fancybox\" ><img loading=\"lazy\" decoding=\"async\" src=\"http:\/\/www.isas.edu.ar\/web\/wp-content\/uploads\/2020\/11\/12032132_10207179437259265_5261289085299751944_n-150x150.jpg\" alt=\"\" width=\"150\" height=\"150\" \/><\/a><\/div><\/div><div class=\"gallery-column one-fifth column\"><div class=\"gallery-item\"><a href=\"http:\/\/www.isas.edu.ar\/web\/wp-content\/uploads\/2020\/05\/Varias-7.jpg\" data-fancybox-group=\"gdlr-gal-1\" data-rel=\"fancybox\" ><img loading=\"lazy\" decoding=\"async\" src=\"http:\/\/www.isas.edu.ar\/web\/wp-content\/uploads\/2020\/05\/Varias-7-150x150.jpg\" alt=\"\" width=\"150\" height=\"150\" \/><\/a><\/div><\/div><div class=\"clear\"><\/div><\/div><\/div>\n<p><a href=\"http:\/\/www.isas.edu.ar\/web\/\"><br \/>\n<img loading=\"lazy\" decoding=\"async\" class=\"alignright wp-image-3723\" src=\"http:\/\/www.isas.edu.ar\/web\/wp-content\/uploads\/2014\/10\/logo-original-sin-fondo1.png\" alt=\"ir a home\" width=\"119\" height=\"88\" srcset=\"http:\/\/www.isas.edu.ar\/web\/wp-content\/uploads\/2014\/10\/logo-original-sin-fondo1.png 409w, http:\/\/www.isas.edu.ar\/web\/wp-content\/uploads\/2014\/10\/logo-original-sin-fondo1-300x220.png 300w, http:\/\/www.isas.edu.ar\/web\/wp-content\/uploads\/2014\/10\/logo-original-sin-fondo1-400x300.png 400w\" sizes=\"(max-width: 119px) 100vw, 119px\" \/><\/a><\/p>\n","protected":false},"excerpt":{"rendered":"<p>Especializaci\u00f3n \u00a0de Nivel Superior:\u00a0 Campamentos Educativos y Educaci\u00f3n Ambiental\u00a0 \u00a0(1 a\u00f1o + salida integradora) Requisitos:\u00a0 docentes de todos los niveles, T\u00e9cnicos en Recreaci\u00f3n y Tiempo Libre, Gu\u00edas de Turismo\u00a0<\/p>\n","protected":false},"author":1,"featured_media":4805,"parent":0,"menu_order":0,"comment_status":"closed","ping_status":"closed","template":"","meta":{"footnotes":""},"_links":{"self":[{"href":"http:\/\/www.isas.edu.ar\/web\/wp-json\/wp\/v2\/pages\/5722"}],"collection":[{"href":"http:\/\/www.isas.edu.ar\/web\/wp-json\/wp\/v2\/pages"}],"about":[{"href":"http:\/\/www.isas.edu.ar\/web\/wp-json\/wp\/v2\/types\/page"}],"author":[{"embeddable":true,"href":"http:\/\/www.isas.edu.ar\/web\/wp-json\/wp\/v2\/users\/1"}],"replies":[{"embeddable":true,"href":"http:\/\/www.isas.edu.ar\/web\/wp-json\/wp\/v2\/comments?post=5722"}],"version-history":[{"count":10,"href":"http:\/\/www.isas.edu.ar\/web\/wp-json\/wp\/v2\/pages\/5722\/revisions"}],"predecessor-version":[{"id":23024,"href":"http:\/\/www.isas.edu.ar\/web\/wp-json\/wp\/v2\/pages\/5722\/revisions\/23024"}],"wp:featuredmedia":[{"embeddable":true,"href":"http:\/\/www.isas.edu.ar\/web\/wp-json\/wp\/v2\/media\/4805"}],"wp:attachment":[{"href":"http:\/\/www.isas.edu.ar\/web\/wp-json\/wp\/v2\/media?parent=5722"}],"curies":[{"name":"wp","href":"https:\/\/api.w.org\/{rel}","templated":true}]}}