{"id":5146,"date":"2017-09-25T11:43:45","date_gmt":"2017-09-25T14:43:45","guid":{"rendered":"http:\/\/www.isas.edu.ar\/web\/?page_id=5146"},"modified":"2025-02-03T09:06:59","modified_gmt":"2025-02-03T12:06:59","slug":"guia-de-turismo","status":"publish","type":"page","link":"http:\/\/www.isas.edu.ar\/web\/guia-de-turismo\/","title":{"rendered":"Tecnicatura Superior en Gu\u00eda de Turismo"},"content":{"rendered":"\r\n<figure class=\"wp-block-table\">\r\n<p>\r\n\r\n<\/p>\r\n<figure class=\"wp-block-table is-style-stripes\">\r\n<table>\r\n<tbody>\r\n<tr>\r\n<td><img loading=\"lazy\" decoding=\"async\" class=\"aligncenter size-full wp-image-9658\" src=\"http:\/\/www.isas.edu.ar\/web\/wp-content\/uploads\/2020\/11\/WhatsApp-Image-2020-11-04-at-20.11.01-1.jpeg\" alt=\"\" width=\"1190\" height=\"600\" srcset=\"http:\/\/www.isas.edu.ar\/web\/wp-content\/uploads\/2020\/11\/WhatsApp-Image-2020-11-04-at-20.11.01-1.jpeg 1190w, http:\/\/www.isas.edu.ar\/web\/wp-content\/uploads\/2020\/11\/WhatsApp-Image-2020-11-04-at-20.11.01-1-300x151.jpeg 300w, http:\/\/www.isas.edu.ar\/web\/wp-content\/uploads\/2020\/11\/WhatsApp-Image-2020-11-04-at-20.11.01-1-1024x516.jpeg 1024w, http:\/\/www.isas.edu.ar\/web\/wp-content\/uploads\/2020\/11\/WhatsApp-Image-2020-11-04-at-20.11.01-1-768x387.jpeg 768w\" sizes=\"(max-width: 1190px) 100vw, 1190px\" \/><\/td>\r\n<td><img loading=\"lazy\" decoding=\"async\" class=\"aligncenter size-full wp-image-9660\" src=\"http:\/\/www.isas.edu.ar\/web\/wp-content\/uploads\/2020\/11\/WhatsApp-Image-2020-11-04-at-20.09.14-1.jpeg\" alt=\"\" width=\"1211\" height=\"600\" srcset=\"http:\/\/www.isas.edu.ar\/web\/wp-content\/uploads\/2020\/11\/WhatsApp-Image-2020-11-04-at-20.09.14-1.jpeg 1211w, http:\/\/www.isas.edu.ar\/web\/wp-content\/uploads\/2020\/11\/WhatsApp-Image-2020-11-04-at-20.09.14-1-300x149.jpeg 300w, http:\/\/www.isas.edu.ar\/web\/wp-content\/uploads\/2020\/11\/WhatsApp-Image-2020-11-04-at-20.09.14-1-1024x507.jpeg 1024w, http:\/\/www.isas.edu.ar\/web\/wp-content\/uploads\/2020\/11\/WhatsApp-Image-2020-11-04-at-20.09.14-1-768x381.jpeg 768w\" sizes=\"(max-width: 1211px) 100vw, 1211px\" \/><\/td>\r\n<td><img loading=\"lazy\" decoding=\"async\" class=\"aligncenter size-full wp-image-9659\" src=\"http:\/\/www.isas.edu.ar\/web\/wp-content\/uploads\/2020\/11\/WhatsApp-Image-2020-11-04-at-20.09.15.jpeg\" alt=\"\" width=\"1080\" height=\"566\" srcset=\"http:\/\/www.isas.edu.ar\/web\/wp-content\/uploads\/2020\/11\/WhatsApp-Image-2020-11-04-at-20.09.15.jpeg 1080w, http:\/\/www.isas.edu.ar\/web\/wp-content\/uploads\/2020\/11\/WhatsApp-Image-2020-11-04-at-20.09.15-300x157.jpeg 300w, http:\/\/www.isas.edu.ar\/web\/wp-content\/uploads\/2020\/11\/WhatsApp-Image-2020-11-04-at-20.09.15-1024x537.jpeg 1024w, http:\/\/www.isas.edu.ar\/web\/wp-content\/uploads\/2020\/11\/WhatsApp-Image-2020-11-04-at-20.09.15-768x402.jpeg 768w\" sizes=\"(max-width: 1080px) 100vw, 1080px\" \/><\/td>\r\n<td><img loading=\"lazy\" decoding=\"async\" class=\"aligncenter size-full wp-image-9663\" src=\"http:\/\/www.isas.edu.ar\/web\/wp-content\/uploads\/2020\/11\/WhatsApp-Image-2020-11-04-at-20.09.13.jpeg\" alt=\"\" width=\"1240\" height=\"600\" srcset=\"http:\/\/www.isas.edu.ar\/web\/wp-content\/uploads\/2020\/11\/WhatsApp-Image-2020-11-04-at-20.09.13.jpeg 1240w, http:\/\/www.isas.edu.ar\/web\/wp-content\/uploads\/2020\/11\/WhatsApp-Image-2020-11-04-at-20.09.13-300x145.jpeg 300w, http:\/\/www.isas.edu.ar\/web\/wp-content\/uploads\/2020\/11\/WhatsApp-Image-2020-11-04-at-20.09.13-1024x495.jpeg 1024w, http:\/\/www.isas.edu.ar\/web\/wp-content\/uploads\/2020\/11\/WhatsApp-Image-2020-11-04-at-20.09.13-768x372.jpeg 768w\" sizes=\"(max-width: 1240px) 100vw, 1240px\" \/><\/td>\r\n<\/tr>\r\n<\/tbody>\r\n<\/table>\r\n<\/figure>\r\n<\/figure>\r\n\r\n\r\n<hr class=\"wp-block-separator\" \/>\r\n\r\n\r\n<table>\r\n<tbody>\r\n<tr>\r\n<td><span style=\"color: #000000; font-size: 18pt;\"><strong>GTUR\u00a0<\/strong>\u00a0&#8211;\u00a0\u00a0<strong>gu\u00eda\u00a0de turismo<\/strong><\/span><\/td>\r\n<\/tr>\r\n<\/tbody>\r\n<\/table>\r\n<p class=\"has-text-align-center\"><span style=\"font-size: 12pt;\"><strong>La orientaci\u00f3n de la carrera es en\u00a0el turismo<\/strong><\/span><\/p>\r\n<p style=\"text-align: center;\"><span style=\"color: #ffffff;\"><span style=\"font-size: 14px; background-color: #e64915;\"><b>PROXIMA INSCRIPCI\u00d3N: 2026<\/b><\/span><\/span><\/p>\r\n\r\n\r\n<hr class=\"wp-block-separator\" \/>\r\n\r\n\r\n<p class=\"has-text-align-center\"><b><i><span style=\"text-decoration: underline;\">T\u00edtulo Oficial de Nivel Terciario:<\/span>\u00a0\u00a0T\u00e9cnico Superior en Gu\u00eda de Turismo\u00a0<\/i><\/b><\/p>\r\n\r\n\r\n\r\n<p class=\"has-text-align-center\"><b><i>(3 a\u00f1os)<\/i><\/b><\/p>\r\n\r\n\r\n\r\n<p class=\"has-text-align-center\"><em>Aprobado por\u00a0 el Ministerio de Educaci\u00f3n de la Ciudad de Buenos Aires.<\/em><\/p>\r\n\r\n\r\n\r\n<p class=\"has-text-align-center\"><em>Validez Nacional.<\/em><\/p>\r\n\r\n\r\n\r\n<p class=\"has-text-align-center\"><em>Habilitado por Parques Nacionales para desempe\u00f1arse como gu\u00eda especializado.<\/em><\/p>\r\n\r\n\r\n\r\n<p class=\"has-text-align-center\"><em>Otorga puntaje docente \u2013 2 puntos a profesores de Educaci\u00f3n F\u00edsica \u2013 en el rubro otros t\u00edtulos<\/em><\/p>\r\n\r\n\r\n\r\n<div class=\"wp-block-image is-style-default\">\u00a0<\/div>\r\n\r\n\r\n<hr class=\"wp-block-separator\" \/>\r\n\r\n\r\n<p class=\"has-text-align-center\" style=\"text-align: center;\"><strong>Durante su formaci\u00f3n el estudiante conocer\u00e1 y diagramar\u00e1 circuitos tur\u00edsticos en destinos tradicionales, planificar\u00e1 nuevos circuitos en destinos emergentes aplicando criterios de sustentabilidad en su planificaci\u00f3n, y tendr\u00e1 la oportunidad de especializarse, tanto en la teor\u00eda como en la pr\u00e1ctica, en el desarrollo y guiado de circuitos tur\u00edsticos activos, culturales y sustentables.<\/strong><\/p>\r\n\r\n\r\n\r\n\r\n<p style=\"text-align: center;\">El Instituto Superior Andes del Sur brinda al estudiante la posibilidad de especializarse en el \u00e1rea del TURISMO AVENTURA, ya que cuenta en su curr\u00edcula con carreras complementarias de formaci\u00f3n espec\u00edfica en la materia: Gu\u00eda de turismo Aventura y Gu\u00eda de Monta\u00f1a, ambas habilitadas para desempe\u00f1arse en todos los Parques Nacionales. Se reconocen equivalencias habiendo cursado cualquier tecnicatura en la instituci\u00f3n.\u00a0<\/p>\n\r\n\r\n<hr class=\"wp-block-separator\" \/>\r\n\r\n\r\n<p><span style=\"font-size: 10pt; color: #333333;\"><strong><em>LOS EGRESADOS EST\u00c1N HABILITADOS POR PARQUES NACIONALES EN LAS CATEGOR\u00cdAS DE GU\u00cdAS ESPECIALIZADOS:<\/em><\/strong><\/span><\/p>\r\n\r\n\r\n\r\n<ul>\r\n<li style=\"padding-left: 30px;\"><strong><span style=\"font-size: 10pt; color: #333333;\"><em>GU\u00cdA DE TURISMO<br \/><\/em><\/span><\/strong><\/li>\r\n<\/ul>\r\n\r\n\r\n<hr class=\"wp-block-separator\" \/>\r\n\r\n<p><em><strong>PLAN DE ESTUDIOS:<\/strong><\/em><\/p>\n<div class=\"gdlr-shortcode-wrapper gdlr-row-shortcode\">\n<div class=\"four columns\">\n<div class=\"gdlr-item gdlr-column-shortcode\">\n<p style=\"text-align: center;\"><span style=\"font-family: Raleway, helvetica, sans-serif;\"><img loading=\"lazy\" decoding=\"async\" class=\"aligncenter wp-image-3992 size-full\" src=\"http:\/\/www.isas.edu.ar\/web\/wp-content\/uploads\/2014\/10\/1.png\" alt=\"1\" width=\"70\" height=\"70\" \/> <\/span><span style=\"font-family: Raleway, helvetica, sans-serif;\">Ambiente y Arqueolog\u00eda de Buenos Aires<\/span> <span style=\"font-family: Raleway, helvetica, sans-serif;\">Protecci\u00f3n ambiental y \u00e1reas protegidas<\/span> <span style=\"font-family: Raleway, helvetica, sans-serif;\">Historia Argentina<\/span> <span style=\"font-family: Raleway, helvetica, sans-serif;\">Recreaci\u00f3n y Animaci\u00f3n Sociocultural<\/span><\/p>\n<p style=\"text-align: center;\">Introducci\u00f3n al Turismo <span style=\"font-family: Raleway, helvetica, sans-serif;\">Psicolog\u00eda\u00a0<\/span> <span style=\"font-family: Raleway, helvetica, sans-serif;\">Psicolog\u00eda de Grupos<\/span> <span style=\"font-family: Raleway, helvetica, sans-serif;\">Ingles I<\/span> <span style=\"font-family: Raleway, helvetica, sans-serif;\">T\u00e9cnicas del Guiado<\/span><\/p>\n<\/div>\n<\/div>\n<div class=\"four columns\">\n<div class=\"gdlr-item gdlr-column-shortcode\">\n<p style=\"text-align: center;\"><span style=\"font-family: Raleway, helvetica, sans-serif;\"><img loading=\"lazy\" decoding=\"async\" class=\"aligncenter size-full wp-image-3993\" src=\"http:\/\/www.isas.edu.ar\/web\/wp-content\/uploads\/2014\/10\/2.png\" alt=\"2\" width=\"70\" height=\"70\" \/> Primeros Auxilios<\/span> <span style=\"font-family: Raleway, helvetica, sans-serif;\">Ingl\u00e9s II<\/span> <span style=\"font-family: Raleway, helvetica, sans-serif;\">Circuitos Tur\u00edsticos de Buenos Aires<\/span> <span style=\"font-family: Raleway, helvetica, sans-serif;\">Practica del Guiado I<\/span> <span style=\"font-family: Raleway, helvetica, sans-serif;\">Patrimonio Cultural Mundial<\/span><\/p>\n<p style=\"text-align: center;\"><span style=\"font-family: Raleway, helvetica, sans-serif;\"> Patrimonio Cultural Argentino Geograf\u00eda y regiones tur\u00edsticas argentinas Ingl\u00e9s III Practica del Guiado II Legislaci\u00f3n Tur\u00edstica <\/span><\/p>\n<\/div>\n<\/div>\n<div class=\"four columns\">\n<div class=\"gdlr-item gdlr-column-shortcode\">\n<p style=\"text-align: center;\"><span style=\"font-family: Raleway, helvetica, sans-serif;\"><img loading=\"lazy\" decoding=\"async\" class=\"aligncenter size-full wp-image-3994\" src=\"http:\/\/www.isas.edu.ar\/web\/wp-content\/uploads\/2014\/10\/3.png\" alt=\"3\" width=\"70\" height=\"70\" \/> <\/span>\u00c9tica y deontolog\u00eda profesional <span style=\"font-family: Raleway, helvetica, sans-serif;\">Folklore Argentino<\/span> <span style=\"font-family: Raleway, helvetica, sans-serif;\">Geograf\u00eda Tur\u00edstica Mundial<\/span> <span style=\"font-family: Raleway, helvetica, sans-serif;\">Portugu\u00e9s I Taller de Elaboraci\u00f3n de Proyectos y Estilos de Comunicaci\u00f3n Practica del Guiado III<\/span><\/p>\n<p style=\"text-align: center;\">Historia y Patrimonio de la Ciudad de Buenos Aires <span style=\"font-family: Raleway, helvetica, sans-serif;\">Destinos y Arquitectura de la Ciudad de Buenos Aires<\/span> <span style=\"font-family: Raleway, helvetica, sans-serif;\">Portugu\u00e9s II<\/span> <span style=\"font-family: Raleway, helvetica, sans-serif;\">Productos Tur\u00edsticos Sustentables<\/span> Practica Profesional final del Gu\u00eda de Turismo\u00a0<\/p>\n<p style=\"text-align: center;\"><\/div>\n<\/div>\n<div class=\"clear\"><\/div>\n<\/div>\n\r\n\r\n\r\n\r\n\r\n<p><span style=\"font-family: Raleway, geneva;\">\u00a0<\/span><\/p>\r\n\r\n\r\n\r\n<figure class=\"wp-block-table\">\r\n<table>\r\n<tbody>\r\n<tr>\r\n<td><span style=\"font-size: 14pt;\"><strong>PLAN DE SALIDAS<\/strong><\/span><\/td>\r\n<\/tr>\r\n<\/tbody>\r\n<\/table>\r\n<\/figure>\r\n\r\n\r\n\r\n<p class=\"has-text-align-center\">Durante toda la cursada se realizan pr\u00e1cticas de guiado. Comienzan por distintos<br \/>circuitos tur\u00edsticos de la ciudad de Buenos Aires y sus atractivos, tanto diurnos como<br \/>nocturnos. Tambi\u00e9n de sus alrededores y lugares cercanos.<\/p>\r\n\r\n\r\n\r\n<p class=\"has-text-align-center\">Luego se realizan<br \/>recorridos, circuitos y pr\u00e1cticas profesionales en distintos lugares de Argentina, entre<br \/>ellos:<\/p>\r\n\r\n\r\n\r\n<p class=\"has-text-align-center\"><strong>Circuito del litoral: termas, esteros, cataratas.<\/strong><br \/><strong> Circuito del Norte: Catamarca, Jujuy y Salta Cultural<\/strong><br \/><strong> Circuito de Cuyo: Mendoza y San Juan \u2013 rutas del vino y turismo aventura<\/strong><br \/><strong> C\u00f3rdoba y San Luis \u2013 circuitos serranos<\/strong><br \/><strong> Circuito patag\u00f3nico \u2013 bosques, lagos, monta\u00f1as y glaciares<\/strong><\/p>\r\n<p>&nbsp;<\/p>\r\n\r\n\r\n\r\n<figure class=\"aligncenter\"><\/figure>\r\n<div class=\"wp-block-image\">\r\n<figure class=\"aligncenter\"><img loading=\"lazy\" decoding=\"async\" width=\"93\" height=\"91\" class=\"wp-image-4050 aligncenter\" src=\"http:\/\/www.isas.edu.ar\/web\/wp-content\/uploads\/2014\/10\/contacto.png\" alt=\"contacto\" \/><\/figure>\r\n<\/div>\r\n\r\n\r\n\r\n<p class=\"has-text-align-center Default\" style=\"text-align: center;\"><a title=\"CONTACTO\" href=\"http:\/\/www.isas.edu.ar\/web\/contacto-2\/\" target=\"_blank\" rel=\"noopener noreferrer\">\u00bfAlguna duda?<\/a><\/p>\r\n<p style=\"text-align: right;\">\u00a0<\/p>\r\n\r\n\r\n\r\n<div class=\"wp-block-image\">\r\n<figure class=\"alignright\"><a href=\"http:\/\/www.isas.edu.ar\/web\/\"><img loading=\"lazy\" decoding=\"async\" class=\"wp-image-3723 aligncenter\" src=\"http:\/\/www.isas.edu.ar\/web\/wp-content\/uploads\/2014\/10\/logo-original-sin-fondo1.png\" alt=\"ir a home\" width=\"200\" height=\"147\" srcset=\"http:\/\/www.isas.edu.ar\/web\/wp-content\/uploads\/2014\/10\/logo-original-sin-fondo1.png 409w, http:\/\/www.isas.edu.ar\/web\/wp-content\/uploads\/2014\/10\/logo-original-sin-fondo1-300x220.png 300w\" sizes=\"(max-width: 200px) 100vw, 200px\" \/><\/a><\/figure>\r\n<\/div>\r\n","protected":false},"excerpt":{"rendered":"<p>GTUR\u00a0\u00a0&#8211;\u00a0\u00a0gu\u00eda\u00a0de turismo La orientaci\u00f3n de la carrera es en\u00a0el turismo PROXIMA INSCRIPCI\u00d3N: 2026 T\u00edtulo Oficial de Nivel Terciario:\u00a0\u00a0T\u00e9cnico Superior en Gu\u00eda de Turismo\u00a0 (3 a\u00f1os) Aprobado por\u00a0 el Ministerio de Educaci\u00f3n de la Ciudad de Buenos Aires. Validez Nacional. Habilitado por Parques Nacionales para desempe\u00f1arse como gu\u00eda especializado. Otorga puntaje docente \u2013 2 puntos a&#8230; <\/p>\n<div class=\"clear\"><\/div>\n<p><a href=\"http:\/\/www.isas.edu.ar\/web\/guia-de-turismo\/\" class=\"gdlr-button with-border excerpt-read-more\">Read More<\/a><\/p>\n","protected":false},"author":1,"featured_media":0,"parent":0,"menu_order":0,"comment_status":"closed","ping_status":"closed","template":"","meta":{"footnotes":""},"_links":{"self":[{"href":"http:\/\/www.isas.edu.ar\/web\/wp-json\/wp\/v2\/pages\/5146"}],"collection":[{"href":"http:\/\/www.isas.edu.ar\/web\/wp-json\/wp\/v2\/pages"}],"about":[{"href":"http:\/\/www.isas.edu.ar\/web\/wp-json\/wp\/v2\/types\/page"}],"author":[{"embeddable":true,"href":"http:\/\/www.isas.edu.ar\/web\/wp-json\/wp\/v2\/users\/1"}],"replies":[{"embeddable":true,"href":"http:\/\/www.isas.edu.ar\/web\/wp-json\/wp\/v2\/comments?post=5146"}],"version-history":[{"count":10,"href":"http:\/\/www.isas.edu.ar\/web\/wp-json\/wp\/v2\/pages\/5146\/revisions"}],"predecessor-version":[{"id":28519,"href":"http:\/\/www.isas.edu.ar\/web\/wp-json\/wp\/v2\/pages\/5146\/revisions\/28519"}],"wp:attachment":[{"href":"http:\/\/www.isas.edu.ar\/web\/wp-json\/wp\/v2\/media?parent=5146"}],"curies":[{"name":"wp","href":"https:\/\/api.w.org\/{rel}","templated":true}]}}