{"id":4944,"date":"2017-04-18T09:50:25","date_gmt":"2017-04-18T12:50:25","guid":{"rendered":"http:\/\/www.isas.edu.ar\/web\/?page_id=4944"},"modified":"2026-03-16T09:54:49","modified_gmt":"2026-03-16T12:54:49","slug":"guia-de-montana","status":"publish","type":"page","link":"http:\/\/www.isas.edu.ar\/web\/guia-de-montana\/","title":{"rendered":"Tecnicatura Superior Gu\u00eda de Monta\u00f1a"},"content":{"rendered":"<table style=\"border-collapse: collapse; width: 100%;\">\n<tbody>\n<tr>\n<td style=\"width: 25%;\"><img loading=\"lazy\" decoding=\"async\" class=\"aligncenter size-full wp-image-9709\" src=\"http:\/\/www.isas.edu.ar\/web\/wp-content\/uploads\/2020\/11\/WhatsApp-Image-2020-11-06-at-09.50.36-2.jpeg\" alt=\"\" width=\"1070\" height=\"768\" srcset=\"http:\/\/www.isas.edu.ar\/web\/wp-content\/uploads\/2020\/11\/WhatsApp-Image-2020-11-06-at-09.50.36-2.jpeg 1070w, http:\/\/www.isas.edu.ar\/web\/wp-content\/uploads\/2020\/11\/WhatsApp-Image-2020-11-06-at-09.50.36-2-300x215.jpeg 300w, http:\/\/www.isas.edu.ar\/web\/wp-content\/uploads\/2020\/11\/WhatsApp-Image-2020-11-06-at-09.50.36-2-1024x735.jpeg 1024w, http:\/\/www.isas.edu.ar\/web\/wp-content\/uploads\/2020\/11\/WhatsApp-Image-2020-11-06-at-09.50.36-2-768x551.jpeg 768w\" sizes=\"(max-width: 1070px) 100vw, 1070px\" \/><\/td>\n<td style=\"width: 25%;\"><img loading=\"lazy\" decoding=\"async\" class=\"aligncenter size-full wp-image-9711\" src=\"http:\/\/www.isas.edu.ar\/web\/wp-content\/uploads\/2020\/11\/WhatsApp-Image-2020-11-06-at-09.50.37-2.jpeg\" alt=\"\" width=\"1184\" height=\"888\" srcset=\"http:\/\/www.isas.edu.ar\/web\/wp-content\/uploads\/2020\/11\/WhatsApp-Image-2020-11-06-at-09.50.37-2.jpeg 1184w, http:\/\/www.isas.edu.ar\/web\/wp-content\/uploads\/2020\/11\/WhatsApp-Image-2020-11-06-at-09.50.37-2-300x225.jpeg 300w, http:\/\/www.isas.edu.ar\/web\/wp-content\/uploads\/2020\/11\/WhatsApp-Image-2020-11-06-at-09.50.37-2-1024x768.jpeg 1024w, http:\/\/www.isas.edu.ar\/web\/wp-content\/uploads\/2020\/11\/WhatsApp-Image-2020-11-06-at-09.50.37-2-768x576.jpeg 768w, http:\/\/www.isas.edu.ar\/web\/wp-content\/uploads\/2020\/11\/WhatsApp-Image-2020-11-06-at-09.50.37-2-400x300.jpeg 400w\" sizes=\"(max-width: 1184px) 100vw, 1184px\" \/><\/td>\n<td style=\"width: 25%;\"><img loading=\"lazy\" decoding=\"async\" class=\"aligncenter size-full wp-image-9713\" src=\"http:\/\/www.isas.edu.ar\/web\/wp-content\/uploads\/2020\/11\/WhatsApp-Image-2020-11-06-at-09.50.36-1.jpeg\" alt=\"\" width=\"900\" height=\"650\" srcset=\"http:\/\/www.isas.edu.ar\/web\/wp-content\/uploads\/2020\/11\/WhatsApp-Image-2020-11-06-at-09.50.36-1.jpeg 900w, http:\/\/www.isas.edu.ar\/web\/wp-content\/uploads\/2020\/11\/WhatsApp-Image-2020-11-06-at-09.50.36-1-300x217.jpeg 300w, http:\/\/www.isas.edu.ar\/web\/wp-content\/uploads\/2020\/11\/WhatsApp-Image-2020-11-06-at-09.50.36-1-768x555.jpeg 768w\" sizes=\"(max-width: 900px) 100vw, 900px\" \/><\/td>\n<td style=\"width: 25%;\"><img loading=\"lazy\" decoding=\"async\" class=\"aligncenter size-full wp-image-9714\" src=\"http:\/\/www.isas.edu.ar\/web\/wp-content\/uploads\/2020\/11\/WhatsApp-Image-2020-11-06-at-09.50.37-4.jpeg\" alt=\"\" width=\"1022\" height=\"750\" srcset=\"http:\/\/www.isas.edu.ar\/web\/wp-content\/uploads\/2020\/11\/WhatsApp-Image-2020-11-06-at-09.50.37-4.jpeg 1022w, http:\/\/www.isas.edu.ar\/web\/wp-content\/uploads\/2020\/11\/WhatsApp-Image-2020-11-06-at-09.50.37-4-300x220.jpeg 300w, http:\/\/www.isas.edu.ar\/web\/wp-content\/uploads\/2020\/11\/WhatsApp-Image-2020-11-06-at-09.50.37-4-768x564.jpeg 768w\" sizes=\"(max-width: 1022px) 100vw, 1022px\" \/><\/td>\n<\/tr>\n<\/tbody>\n<\/table>\n<table style=\"height: 2px; border-color: #2b2a2a; background-color: #ded9d9;\" border=\"5\" width=\"713\" cellpadding=\"2\">\n<tbody>\n<tr>\n<td><span style=\"font-family: 'arial black', sans-serif;\"><span style=\"font-size: 14pt;\"><strong><span style=\"color: #000000;\">GM<\/span>&nbsp;<\/strong><\/span><span style=\"color: #000000;\"><span style=\"font-size: 12pt;\">&nbsp;&#8211;&nbsp; <\/span><span style=\"font-size: 12pt;\"><b>GUIA DE MONTA\u00d1A<\/b><\/span><\/span><\/span><\/td>\n<\/tr>\n<\/tbody>\n<\/table>\n<p style=\"text-align: justify;\"><span style=\"font-size: 12pt;\"><strong><em>&nbsp; &nbsp;<\/em><\/strong><\/span><\/p>\n<hr>\n<p style=\"text-align: center;\"><span style=\"font-size: 12pt; color: #000000;\"><strong><em>La orientaci\u00f3n de la carrera es en la t\u00e9cnica espec\u00edfica de monta\u00f1a<\/em><\/strong><\/span><\/p>\n<hr>\n<p style=\"text-align: center;\"><b><i><span style=\"text-decoration: underline;\">T\u00edtulo Oficial de Nivel Terciario:<\/span> &nbsp;T\u00e9cnico Superior en Gu\u00eda de Monta\u00f1a&nbsp; ( 2 a\u00f1os y medio &#8211; 5 cuatrimestres)<\/i><\/b><\/p>\n<p style=\"text-align: center;\"><span style=\"color: #000000;\"><em>Aprobado por&nbsp; el Ministerio de Educaci\u00f3n de la Ciudad de Buenos Aires.<\/em><\/span><\/p>\n<p style=\"text-align: center;\"><span style=\"color: #000000;\"><em>Validez Nacional.<\/em><\/span><\/p>\n<p style=\"text-align: center;\"><span style=\"color: #000000;\"><em>Habilitado por Parques Nacionales para desempe\u00f1arse como gu\u00eda especializado.<\/em><\/span><\/p>\n<p style=\"text-align: center;\"><span style=\"color: #000000;\"><em>Otorga puntaje docente \u2013 2 puntos a profesores de Educaci\u00f3n F\u00edsica \u2013 en el rubro otros t\u00edtulos<\/em><\/span><\/p>\n<p style=\"text-align: center;\"><a class=\"fasc-button fasc-size-small fasc-type-popout fasc-rounded-medium fasc-ico-before dashicons-arrow-right\" style=\"background-color: #fa5c00; color: #ffffff;\" target=\"_blank\" href=\"https:\/\/forms.gle\/Mm861pfS3QXjQxoA8\" rel=\"noopener\">INSCRIPCI\u00d3N<\/a><\/p>\n<p><img loading=\"lazy\" decoding=\"async\" class=\"aligncenter size-full wp-image-9719\" src=\"http:\/\/www.isas.edu.ar\/web\/wp-content\/uploads\/2020\/11\/WhatsApp-Image-2020-11-06-at-09.50.37-3.jpeg\" alt=\"\" width=\"1230\" height=\"580\" srcset=\"http:\/\/www.isas.edu.ar\/web\/wp-content\/uploads\/2020\/11\/WhatsApp-Image-2020-11-06-at-09.50.37-3.jpeg 1230w, http:\/\/www.isas.edu.ar\/web\/wp-content\/uploads\/2020\/11\/WhatsApp-Image-2020-11-06-at-09.50.37-3-300x141.jpeg 300w, http:\/\/www.isas.edu.ar\/web\/wp-content\/uploads\/2020\/11\/WhatsApp-Image-2020-11-06-at-09.50.37-3-1024x483.jpeg 1024w, http:\/\/www.isas.edu.ar\/web\/wp-content\/uploads\/2020\/11\/WhatsApp-Image-2020-11-06-at-09.50.37-3-768x362.jpeg 768w\" sizes=\"(max-width: 1230px) 100vw, 1230px\" \/><\/p>\n<hr>\n<hr>\n<p style=\"text-align: justify;\"><strong><em><strong>La TECNICATURA SUPERIOR EN GUIA DE MONTA\u00d1A<\/strong><\/em><\/strong> es una carrera de nivel superior con \u00e9nfasis en los aspectos t\u00e9cnicos y pr\u00e1cticos de la profesi\u00f3n del GU\u00cdA DE MONTA\u00d1A.&nbsp; Por tal motivo su carga horaria se desarrolla fundamentalmente en el terreno, con el soporte y complemento de las clases te\u00f3ricas que se dictan <span style=\"text-decoration: underline;\"><strong>una vez a la semana en el Instituto.<\/strong><\/span> De tal manera, se recorren distintos tipos de escenarios en variadas provincias.&nbsp; Durante su formaci\u00f3n el alumno realizar\u00e1 trekkings de diferente dificultad, ya sea en zonas serranas y cordilleranas, recorrer\u00e1 bosques andino \u2013 patag\u00f3nicos, incursionar\u00e1 tanto en traves\u00edas por altura como en expediciones de log\u00edstica compleja, y por \u00faltimo realizar\u00e1 pr\u00e1cticas activas en zonas de nieve, hielo y glaciares.&nbsp;&nbsp;<\/p>\n<hr>\n<hr>\n<p><strong><em>INCUMBENCIA DEL T\u00cdTULO. &nbsp;<\/em><\/strong><\/p>\n<p style=\"text-align: justify;\"><span style=\"color: #000000;\"><strong>Profesional capacitado para dise\u00f1ar expediciones y liderar, conducir y guiar grupos en las monta\u00f1as, ya sea en sierras o cordillera, de pendientes con o sin nieve, con conocimientos de primeros auxilios a efectos de garantizar la seguridad de sus clientes especialmente en zonas agrestes, transmitiendo de su labor actitudes y valores que promuevan el aprecio por la naturaleza y el respeto por el ambiente &nbsp;y las personas. La orientaci\u00f3n de la carrera es en la t\u00e9cnica espec\u00edfica de la monta\u00f1a.<\/strong><\/span><\/p>\n<hr>\n<p>&nbsp;<\/p>\n<hr>\n<p><span style=\"color: #000000;\"><strong><em>LOS EGRESADOS EST\u00c1N HABILITADOS POR PARQUES NACIONALES EN LAS CATEGOR\u00cdAS DE GU\u00cdAS ESPECIALIZADOS:<\/em><\/strong><\/span><\/p>\n<ul>\n<li><strong><span style=\"font-size: 10pt; color: #333333;\"><em>GU\u00cdA DE TREKKING EN SENDEROS<\/em><\/span><\/strong><\/li>\n<li><strong><span style=\"font-size: 10pt; color: #333333;\"><em>GUIA DE TREKKING EN SIERRAS<\/em><\/span><\/strong><\/li>\n<li><strong><span style=\"font-size: 10pt; color: #333333;\"><em>GUIA DE TREKKING EN CORDILLERA<\/em><\/span><\/strong><\/li>\n<\/ul>\n<p>&nbsp;<\/p>\n<hr>\n<p>&nbsp;<\/p>\n<p><em><strong>PLAN DE ESTUDIOS:<\/strong><\/em><\/p>\n<p>&nbsp;<\/p>\n<div class=\"gdlr-shortcode-wrapper gdlr-row-shortcode\">\n<div class=\"four columns\">\n<div class=\"gdlr-item gdlr-column-shortcode\">\n<p style=\"text-align: center;\"><span style=\"font-family: Raleway, helvetica, sans-serif;\"><img loading=\"lazy\" decoding=\"async\" class=\"aligncenter wp-image-3992 size-full\" src=\"http:\/\/www.isas.edu.ar\/web\/wp-content\/uploads\/2014\/10\/1.png\" alt=\"1\" width=\"70\" height=\"70\"><br \/>\nT\u00e8cnica de orientaci\u00f3n y cartograf\u00eda<\/span><br \/>\n<span style=\"font-family: Raleway, helvetica, sans-serif;\">Trekking y caminatas I<\/span><br \/>\n<span style=\"font-family: Raleway, helvetica, sans-serif;\">Campamento Nivel I<\/span><br \/>\n<span style=\"font-family: Raleway, helvetica, sans-serif;\">Taller de cabuyer\u00eda y rappel<\/span><br \/>\n<span style=\"font-family: Raleway, helvetica, sans-serif;\">Entrenamiento nivel I<\/span><\/p>\n<p style=\"text-align: center;\"><span style=\"font-family: Raleway, helvetica, sans-serif;\">Traves\u00edas por Sierras<\/span><br \/>\n<span style=\"font-family: Raleway, helvetica, sans-serif;\">Trekking y caminatas II<\/span><br \/>\n<span style=\"font-family: Raleway, helvetica, sans-serif;\">Campamento Nivel II<\/span><br \/>\n<span style=\"font-family: Raleway, helvetica, sans-serif;\">Orientacion y Cartograf\u00eda Avanzada<\/span><br \/>\n<span style=\"font-family: Raleway, helvetica, sans-serif;\">Escalada en Roca<\/span><br \/>\n<span style=\"font-family: Raleway, helvetica, sans-serif;\">Psicolog\u00eda de Grupos<\/span><br \/>\n<span style=\"font-family: Raleway, helvetica, sans-serif;\">Cabuyer\u00eda Avanzada<\/span><br \/>\n<span style=\"font-family: Raleway, helvetica, sans-serif;\">Entrenamiento Nivel II<\/span><\/p>\n<\/div>\n<\/div>\n<div class=\"four columns\">\n<div class=\"gdlr-item gdlr-column-shortcode\">\n<p style=\"text-align: center;\"><span style=\"font-family: Raleway, helvetica, sans-serif;\"><img loading=\"lazy\" decoding=\"async\" class=\"aligncenter wp-image-3993 size-full\" src=\"http:\/\/www.isas.edu.ar\/web\/wp-content\/uploads\/2014\/10\/2.png\" alt=\"2\" width=\"70\" height=\"70\"><br \/>\n<\/span>Traves\u00edas por Cordilleras<br \/>\n<span style=\"font-family: Raleway, helvetica, sans-serif;\">Monta\u00f1ismo Invernal<\/span><br \/>\n<span style=\"font-family: Raleway, helvetica, sans-serif;\">Campamento Nivel III<\/span><br \/>\n<span style=\"font-family: Raleway, helvetica, sans-serif;\">Geologia I<\/span><br \/>\n<span style=\"font-family: Raleway, helvetica, sans-serif;\">Primeros Auxilios I<\/span><br \/>\n<span style=\"font-family: Raleway, helvetica, sans-serif;\">Escalada Avanzada<\/span><br \/>\n<span style=\"font-family: Raleway, helvetica, sans-serif;\">Entrenamiento Nivel III<\/span><br \/>\nTaller de Organizaci\u00f3n de Campamentos<\/p>\n<p style=\"text-align: center;\"><span style=\"font-family: Raleway, helvetica, sans-serif;\">Traves\u00edas en Altura<br \/>\n<span style=\"font-family: Raleway, helvetica, sans-serif;\">Primeros Auxilios II<\/span><br \/>\nLiderazgo&nbsp;y Gestion de Grupos en la Naturaleza<br \/>\n<span style=\"font-family: Raleway, helvetica, sans-serif;\">Tecnicas del Guia en Monta\u00f1a<br \/>\n<span style=\"font-family: Raleway, helvetica, sans-serif;\">Campamento Nivel IV<br \/>\n<span style=\"font-family: Raleway, helvetica, sans-serif;\">Entrenamiento Nivel IV<\/span><br \/>\n<\/span><\/span><\/span><\/p>\n<\/div>\n<\/div>\n<div class=\"four columns\">\n<div class=\"gdlr-item gdlr-column-shortcode\">\n<p style=\"text-align: center;\"><span style=\"font-family: Raleway, helvetica, sans-serif;\"><img loading=\"lazy\" decoding=\"async\" class=\"aligncenter size-full wp-image-3994\" src=\"http:\/\/www.isas.edu.ar\/web\/wp-content\/uploads\/2014\/10\/3.png\" alt=\"3\" width=\"70\" height=\"70\"><br \/>\n<\/span><span style=\"font-family: Raleway, helvetica, sans-serif;\">Areas Protegidas<\/span><br \/>\n<span style=\"font-family: Raleway, helvetica, sans-serif;\">Taller de Expediciones<\/span><br \/>\n<span style=\"font-family: Raleway, helvetica, sans-serif;\">Etica y Deontolog\u00eda Profesional<\/span><br \/>\n<span style=\"font-family: Raleway, helvetica, sans-serif;\">Taller de Rescate en Monta\u00f1a<\/span><br \/>\n<span style=\"font-family: Raleway, helvetica, sans-serif;\">Campamento Nivel V<\/span><br \/>\n<span style=\"font-family: Raleway, helvetica, sans-serif;\">Medicina de Monta\u00f1a<\/span><br \/>\n<span style=\"font-family: Raleway, helvetica, sans-serif;\">Radiocomunicaciones<\/span><br \/>\nMeteorolog\u00eda<\/p>\n<p style=\"text-align: center;\"><span style=\"font-family: Raleway, helvetica, sans-serif;\">Taller de Hielo y Glaciares<\/span><br \/>\nPr\u00e1ctica Profesional del&nbsp;Gu\u00eda de Monta\u00f1a<br \/>\nPr\u00e1ctica Intensiva Final&nbsp;en Gu\u00eda de Monta\u00f1a\n<\/div>\n<\/div>\n<div class=\"clear\"><\/div>\n<\/div>\n<p><span style=\"font-family: Raleway, geneva;\">&nbsp;<\/span><\/p>\n<table style=\"height: 2px; border-color: #2b2a2a; background-color: #ded9d9;\" border=\"5\" width=\"713\" cellpadding=\"2\">\n<tbody>\n<tr>\n<td><span style=\"font-size: 14pt;\"><strong>PLAN DE SALIDAS<\/strong><\/span><\/td>\n<\/tr>\n<\/tbody>\n<\/table>\n<p style=\"text-align: justify;\"><span style=\"font-size: 12pt;\"><strong><em>&nbsp; &nbsp;<\/em><\/strong><\/span><span style=\"font-family: arial, helvetica, sans-serif; text-align: justify;\">Los alumnos deber\u00e1n realizar salidas a lo largo de la carrera, son trabajos de campo obligatorios en diversos destinos del pa\u00eds. Durante las salidas se integran conocimientos de las distintas materias, poniendo \u00e9nfasis en la aplicaci\u00f3n pr\u00e1ctica de contenidos.&nbsp;<\/span><\/p>\n<p style=\"text-align: justify;\"><span style=\"font-family: Raleway, geneva;\">&nbsp;<\/span><span style=\"font-family: Raleway, geneva;\">&nbsp;<\/span><\/p>\n<p><span style=\"font-family: Raleway, geneva;\"><a href=\"http:\/\/www.isas.edu.ar\/web\/wp-content\/uploads\/2014\/10\/salidas.png\"><img loading=\"lazy\" decoding=\"async\" class=\"aligncenter wp-image-4002 size-full\" src=\"http:\/\/www.isas.edu.ar\/web\/wp-content\/uploads\/2014\/10\/salidas.png\" alt=\"salidas\" width=\"960\" height=\"173\" srcset=\"http:\/\/www.isas.edu.ar\/web\/wp-content\/uploads\/2014\/10\/salidas.png 960w, http:\/\/www.isas.edu.ar\/web\/wp-content\/uploads\/2014\/10\/salidas-300x54.png 300w\" sizes=\"(max-width: 960px) 100vw, 960px\" \/><br \/>\n<\/a><\/span><\/p>\n<p>Los destinos y fechas de salidas son indicativos. Pueden variar seg\u00fan calendario y programaci\u00f3n anual.<\/p>\n<p><span style=\"font-family: arial, helvetica, sans-serif;\">\n\t\t<!-- MasterSlider -->\n\t\t<div id=\"P_MS69e8c2e5cca86\" class=\"master-slider-parent msl ms-thumbs-template ms-parent-id-30\" style=\"max-width:100%;\">\n\n\t\t\t\n\t\t\t<!-- MasterSlider Main -->\n\t\t\t<div id=\"MS69e8c2e5cca86\" class=\"master-slider ms-skin-default\" >\n\t\t\t\t \t\t\t\t \n\t\t\t\t<div  class=\"ms-slide\" data-delay=\"3\" data-fill-mode=\"fill\"  >\n\t\t\t\t\t<img decoding=\"async\" src=\"http:\/\/www.isas.edu.ar\/web\/wp-content\/plugins\/master-slider\/public\/assets\/css\/blank.gif\" alt=\"\" title=\"\" data-src=\"http:\/\/www.isas.edu.ar\/web\/wp-content\/uploads\/2014\/10\/web4-489x350.jpg\" \/>\n\n\n\t<img decoding=\"async\" class=\"ms-thumb\" src=\"http:\/\/www.isas.edu.ar\/web\/wp-content\/uploads\/2014\/10\/web4-127x137.jpg\" alt=\"\" \/>\n\t<div class=\"ms-thumb\" ><div class=\"ms-tab-context\"><div class=&quot;ms-tab-context&quot;><\/div><\/div>\n<\/div>\n\t\t\t\t<\/div>\n\t\t\t\t<div  class=\"ms-slide\" data-delay=\"3\" data-fill-mode=\"fill\"  >\n\t\t\t\t\t<img decoding=\"async\" src=\"http:\/\/www.isas.edu.ar\/web\/wp-content\/plugins\/master-slider\/public\/assets\/css\/blank.gif\" alt=\"\" title=\"\" data-src=\"http:\/\/www.isas.edu.ar\/web\/wp-content\/uploads\/2014\/10\/isas48-489x350.jpg\" \/>\n\n\n\t<img decoding=\"async\" class=\"ms-thumb\" src=\"http:\/\/www.isas.edu.ar\/web\/wp-content\/uploads\/2014\/10\/isas48-127x137.jpg\" alt=\"\" \/>\n\t<div class=\"ms-thumb\" ><div class=\"ms-tab-context\"><div class=&quot;ms-tab-context&quot;><\/div><\/div>\n<\/div>\n\t\t\t\t<\/div>\n\t\t\t\t<div  class=\"ms-slide\" data-delay=\"3\" data-fill-mode=\"fill\"  >\n\t\t\t\t\t<img decoding=\"async\" src=\"http:\/\/www.isas.edu.ar\/web\/wp-content\/plugins\/master-slider\/public\/assets\/css\/blank.gif\" alt=\"\" title=\"\" data-src=\"http:\/\/www.isas.edu.ar\/web\/wp-content\/uploads\/2021\/10\/WhatsApp-Image-2021-10-25-at-11.54.44-1-489x350.jpeg\" \/>\n\n\n\t<img decoding=\"async\" class=\"ms-thumb\" src=\"http:\/\/www.isas.edu.ar\/web\/wp-content\/uploads\/2021\/10\/WhatsApp-Image-2021-10-25-at-11.54.44-1-127x137.jpeg\" alt=\"\" \/>\n\t<div class=\"ms-thumb\" ><div class=\"ms-tab-context\"><div class=&quot;ms-tab-context&quot;><\/div><\/div>\n<\/div>\n\t\t\t\t<\/div>\n\t\t\t\t<div  class=\"ms-slide\" data-delay=\"3\" data-fill-mode=\"fill\"  >\n\t\t\t\t\t<img decoding=\"async\" src=\"http:\/\/www.isas.edu.ar\/web\/wp-content\/plugins\/master-slider\/public\/assets\/css\/blank.gif\" alt=\"\" title=\"\" data-src=\"http:\/\/www.isas.edu.ar\/web\/wp-content\/uploads\/2018\/11\/DSC_7374-min-489x350.jpg\" \/>\n\n\n\t<img decoding=\"async\" class=\"ms-thumb\" src=\"http:\/\/www.isas.edu.ar\/web\/wp-content\/uploads\/2018\/11\/DSC_7374-min-127x137.jpg\" alt=\"\" \/>\n\t<div class=\"ms-thumb\" ><div class=\"ms-tab-context\"><div class=&quot;ms-tab-context&quot;><\/div><\/div>\n<\/div>\n\t\t\t\t<\/div>\n\n\t\t\t<\/div>\n\t\t\t<!-- END MasterSlider Main -->\n\n\t\t\t \n\t\t<\/div>\n\t\t<!-- END MasterSlider -->\n\n\t\t<script>\n\t\t(function ( $ ) {\n\t\t\t\"use strict\";\n\n\t\t\t$(function () {\n\t\t\t\tvar masterslider_ca86 = new MasterSlider();\n\n\t\t\t\t\/\/ slider controls\n\t\t\t\tmasterslider_ca86.control('arrows'     ,{ autohide:true, overVideo:true  });\n\t\t\t\tmasterslider_ca86.control('thumblist'  ,{ autohide:false, overVideo:true, dir:'v', speed:17, inset:false, arrows:false, hover:false, customClass:'', align:'right',type:'thumbs', margin:5, width:127, height:137, space:5, fillMode:'fill'  });\n\t\t\t\tmasterslider_ca86.control('scrollbar'  ,{ autohide:false, overVideo:true, dir:'h', inset:true, align:'top', color:'#3D3D3D' , margin:10  , width:4 });\n\t\t\t\t\/\/ slider setup\n\t\t\t\tmasterslider_ca86.setup(\"MS69e8c2e5cca86\", {\n\t\t\t\t\t\twidth           : 489,\n\t\t\t\t\t\theight          : 350,\n\t\t\t\t\t\tminHeight       : 0,\n\t\t\t\t\t\tspace           : 0,\n\t\t\t\t\t\tstart           : 1,\n\t\t\t\t\t\tgrabCursor      : true,\n\t\t\t\t\t\tswipe           : true,\n\t\t\t\t\t\tmouse           : true,\n\t\t\t\t\t\tlayout          : \"partialview\",\n\t\t\t\t\t\twheel           : false,\n\t\t\t\t\t\tautoplay        : true,\n\t\t\t\t\t\tinstantStartLayers:false,\n\t\t\t\t\t\tloop            : true,\n\t\t\t\t\t\tshuffle         : false,\n\t\t\t\t\t\tpreload         : 0,\n\t\t\t\t\t\theightLimit     : true,\n\t\t\t\t\t\tautoHeight      : true,\n\t\t\t\t\t\tsmoothHeight    : true,\n\t\t\t\t\t\tendPause        : false,\n\t\t\t\t\t\toverPause       : true,\n\t\t\t\t\t\tfillMode        : \"fill\",\n\t\t\t\t\t\tcenterControls  : true,\n\t\t\t\t\t\tstartOnAppear   : false,\n\t\t\t\t\t\tlayersMode      : \"center\",\n\t\t\t\t\t\thideLayers      : false,\n\t\t\t\t\t\tfullscreenMargin: 0,\n\t\t\t\t\t\tspeed           : 2,\n\t\t\t\t\t\tdir             : \"h\",\n\t\t\t\t\t\tparallaxMode    : 'swipe',\n\t\t\t\t\t\tview            : \"flow\"\n\t\t\t\t});\n\n\t\t\t\t\n\t\t\t\twindow.masterslider_instances = window.masterslider_instances || [];\n\t\t\t\twindow.masterslider_instances.push( masterslider_ca86 );\n\t\t\t });\n\n\t\t})(jQuery);\n\t\t<\/script>\n\n<\/span><\/p>\n<p class=\"Default\"><img loading=\"lazy\" decoding=\"async\" class=\"aligncenter size-full wp-image-4050\" src=\"http:\/\/www.isas.edu.ar\/web\/wp-content\/uploads\/2014\/10\/contacto.png\" alt=\"contacto\" width=\"93\" height=\"91\"><\/p>\n<p class=\"Default\" style=\"text-align: center;\"><a title=\"CONTACTO\" href=\"http:\/\/www.isas.edu.ar\/web\/contacto-2\/\" target=\"_blank\" rel=\"noopener noreferrer\">\u00bfAlguna duda?<\/a><\/p>\n<p style=\"text-align: right;\">&nbsp;<\/p>\n<p><a href=\"http:\/\/www.isas.edu.ar\/web\/\"><img loading=\"lazy\" decoding=\"async\" class=\"alignright wp-image-3723\" src=\"http:\/\/www.isas.edu.ar\/web\/wp-content\/uploads\/2014\/10\/logo-original-sin-fondo1.png\" alt=\"ir a home\" width=\"119\" height=\"88\" srcset=\"http:\/\/www.isas.edu.ar\/web\/wp-content\/uploads\/2014\/10\/logo-original-sin-fondo1.png 409w, http:\/\/www.isas.edu.ar\/web\/wp-content\/uploads\/2014\/10\/logo-original-sin-fondo1-300x220.png 300w, http:\/\/www.isas.edu.ar\/web\/wp-content\/uploads\/2014\/10\/logo-original-sin-fondo1-400x300.png 400w\" sizes=\"(max-width: 119px) 100vw, 119px\" \/><\/a><\/p>\n","protected":false},"excerpt":{"rendered":"<p>GM&nbsp;&nbsp;&#8211;&nbsp; GUIA DE MONTA\u00d1A &nbsp; &nbsp; La orientaci\u00f3n de la carrera es en la t\u00e9cnica espec\u00edfica de monta\u00f1a T\u00edtulo Oficial de Nivel Terciario: &nbsp;T\u00e9cnico Superior en Gu\u00eda de Monta\u00f1a&nbsp; ( 2 a\u00f1os y medio &#8211; 5 cuatrimestres) Aprobado por&nbsp; el Ministerio de Educaci\u00f3n de la Ciudad de Buenos Aires. Validez Nacional. Habilitado por Parques Nacionales&#8230; <\/p>\n<div class=\"clear\"><\/div>\n<p><a href=\"http:\/\/www.isas.edu.ar\/web\/guia-de-montana\/\" class=\"gdlr-button with-border excerpt-read-more\">Read More<\/a><\/p>\n","protected":false},"author":1,"featured_media":0,"parent":0,"menu_order":0,"comment_status":"closed","ping_status":"closed","template":"","meta":{"footnotes":""},"_links":{"self":[{"href":"http:\/\/www.isas.edu.ar\/web\/wp-json\/wp\/v2\/pages\/4944"}],"collection":[{"href":"http:\/\/www.isas.edu.ar\/web\/wp-json\/wp\/v2\/pages"}],"about":[{"href":"http:\/\/www.isas.edu.ar\/web\/wp-json\/wp\/v2\/types\/page"}],"author":[{"embeddable":true,"href":"http:\/\/www.isas.edu.ar\/web\/wp-json\/wp\/v2\/users\/1"}],"replies":[{"embeddable":true,"href":"http:\/\/www.isas.edu.ar\/web\/wp-json\/wp\/v2\/comments?post=4944"}],"version-history":[{"count":10,"href":"http:\/\/www.isas.edu.ar\/web\/wp-json\/wp\/v2\/pages\/4944\/revisions"}],"predecessor-version":[{"id":30761,"href":"http:\/\/www.isas.edu.ar\/web\/wp-json\/wp\/v2\/pages\/4944\/revisions\/30761"}],"wp:attachment":[{"href":"http:\/\/www.isas.edu.ar\/web\/wp-json\/wp\/v2\/media?parent=4944"}],"curies":[{"name":"wp","href":"https:\/\/api.w.org\/{rel}","templated":true}]}}