{"id":4558,"date":"2015-12-18T13:58:38","date_gmt":"2015-12-18T16:58:38","guid":{"rendered":"http:\/\/www.isas.edu.ar\/web\/?page_id=4558"},"modified":"2025-12-10T09:18:30","modified_gmt":"2025-12-10T12:18:30","slug":"inscripcion2026","status":"publish","type":"page","link":"http:\/\/www.isas.edu.ar\/web\/inscripcion2026\/","title":{"rendered":"INSCRIPCION MARZO GUIAS 2026"},"content":{"rendered":"<h3 style=\"text-align: center;\"><span style=\"font-size: 18pt;\"><strong><span style=\"font-family: arial, helvetica, sans-serif;\">Instituto Superior Andes del Sur &#8211; Ingreso MARZO 2026<\/span><\/strong><\/span><\/h3>\r\n<p style=\"text-align: center;\">Abierta la inscripci\u00f3n a las Tecnicaturas de Gu\u00eda de Turismo Aventura &#8211; Gu\u00eda de Monta\u00f1a&nbsp;<\/p>\r\n<div class=\"gdlr-shortcode-wrapper\"><div class=\"gdlr-gallery-item gdlr-item\" ><div class=\"gallery-column two columns\"><div class=\"gallery-item\"><a href=\"http:\/\/www.isas.edu.ar\/web\/whatsapp-image-2021-10-25-at-11-54-45\/\" data-rel=\"fancybox\" ><img loading=\"lazy\" decoding=\"async\" src=\"http:\/\/www.isas.edu.ar\/web\/wp-content\/uploads\/2021\/10\/WhatsApp-Image-2021-10-25-at-11.54.45-150x150.jpeg\" alt=\"\" width=\"150\" height=\"150\" \/><\/a><\/div><\/div><div class=\"gallery-column two columns\"><div class=\"gallery-item\"><a href=\"http:\/\/www.isas.edu.ar\/web\/whatsapp-image-2021-10-25-at-11-54-35\/\" data-rel=\"fancybox\" ><img loading=\"lazy\" decoding=\"async\" src=\"http:\/\/www.isas.edu.ar\/web\/wp-content\/uploads\/2021\/10\/WhatsApp-Image-2021-10-25-at-11.54.35-150x150.jpeg\" alt=\"\" width=\"150\" height=\"150\" \/><\/a><\/div><\/div><div class=\"gallery-column two columns\"><div class=\"gallery-item\"><a href=\"http:\/\/www.isas.edu.ar\/web\/whatsapp-image-2021-10-25-at-11-54-31-1\/\" data-rel=\"fancybox\" ><img loading=\"lazy\" decoding=\"async\" src=\"http:\/\/www.isas.edu.ar\/web\/wp-content\/uploads\/2021\/10\/WhatsApp-Image-2021-10-25-at-11.54.31-1-150x150.jpeg\" alt=\"\" width=\"150\" height=\"150\" \/><\/a><\/div><\/div><div class=\"gallery-column two columns\"><div class=\"gallery-item\"><a href=\"http:\/\/www.isas.edu.ar\/web\/postitulo-en-campamentos-educativos\/hua-hum-2010-282-2\/\" data-rel=\"fancybox\" ><img loading=\"lazy\" decoding=\"async\" src=\"http:\/\/www.isas.edu.ar\/web\/wp-content\/uploads\/2020\/11\/Hua-Hum-2010-282-1-150x150.jpg\" alt=\"\" width=\"150\" height=\"150\" \/><\/a><\/div><\/div><div class=\"gallery-column two columns\"><div class=\"gallery-item\"><a href=\"http:\/\/www.isas.edu.ar\/web\/galeria\/23379936_1119560858173936_4113733452719293950_n\/\" data-rel=\"fancybox\" ><img loading=\"lazy\" decoding=\"async\" src=\"http:\/\/www.isas.edu.ar\/web\/wp-content\/uploads\/2017\/11\/23379936_1119560858173936_4113733452719293950_n-150x150.jpg\" alt=\"\" width=\"150\" height=\"150\" \/><\/a><\/div><\/div><div class=\"gallery-column two columns\"><div class=\"gallery-item\"><a href=\"http:\/\/www.isas.edu.ar\/web\/3773\/\" data-rel=\"fancybox\" ><img loading=\"lazy\" decoding=\"async\" src=\"http:\/\/www.isas.edu.ar\/web\/wp-content\/uploads\/2014\/10\/raffting-mp4-image-150x150.jpg\" alt=\"\" width=\"150\" height=\"150\" \/><\/a><\/div><\/div><div class=\"clear\"><\/div><\/div><\/div>\r\n<hr>\r\n<p style=\"text-align: center;\"><span style=\"font-family: 'arial black', sans-serif;\"><strong>TECNICATURA SUPERIOR EN GUIA DE TURISMO AVENTURA &#8211;&nbsp; &nbsp;TECNICATURA SUPERIOR EN GU\u00cdA DE MONTA\u00d1A &#8211; TECNICATURA SUPERIOR EN GUIA DE TURISMO<\/strong><\/span><\/p>\r\n<p style=\"text-align: center;\">T\u00edtulos oficiales &#8211; Habilitados por Parques Nacionales &#8211; Puntaje docente &#8211; Practicas en todo el pa\u00eds<\/p>\r\n<p style=\"text-align: center;\"><strong style=\"font-size: 14pt;\"><i>APERTURA MATRICULA MARZO 2026<\/i><\/strong><strong style=\"font-size: 14pt;\">&nbsp; &#8211; MODALIDAD PRESENCIAL&nbsp; &nbsp;<\/strong><\/p>\r\n<p style=\"text-align: center;\"><a class=\"fasc-button fasc-size-medium fasc-type-popout fasc-rounded-medium fasc-style-bold\" style=\"background-color: #33809e; color: #ffffff;\" target=\"_blank\" rel=\"noopener\" href=\"https:\/\/forms.gle\/cKk5v5uxKt3A2WGr9\">PREINSCRIBITE INFORMACI\u00d3N Y VALORES<\/a><\/p>\r\n<p>&nbsp;<\/p>\r\n<p><strong style=\"font-size: inherit; text-align: right;\"><span style=\"font-family: 'arial black', sans-serif; font-size: 14pt;\"><span style=\"font-size: 18pt;\">D<\/span>ocumentaci\u00f3n<\/span> a presentar para confirmar matriculaci\u00f3n<\/strong><\/p>\r\n<ul>\r\n<li><span style=\"font-size: 10pt;\"><span style=\"text-decoration: underline;\"><strong>TITULO SECUNDARIO<\/strong><\/span> Frente y dorso. (Al ser una tecnicatura terciaria el \u00fanico titulo valido para ingresar es el t\u00edtulo de estudios secundarios)<\/span><\/li>\r\n<li><span style=\"font-size: 10pt;\">Titulo Convalidado en caso de ser extranjero<\/span><\/li>\r\n<li><span style=\"font-size: 10pt;\">Si no te otorgaron el titulo debes presentar: certificado de titulo en tr\u00e1mite o certificado de alumno regular (que aclare finalizaci\u00f3n de estudios secundarios y cantidad de materias que adeudes).&nbsp; O certificado de inicio de tramite de convalidaci\u00f3n&nbsp; En todos los casos la cursada es condicional.<\/span><\/li>\r\n<li><span style=\"font-size: 10pt;\"><span style=\"text-decoration: underline;\"><strong>DNI<\/strong> <\/span>(Original y copia)<\/span><\/li>\r\n<li><span style=\"font-size: 10pt;\"><strong><span style=\"text-decoration: underline;\">CERTIFICADO DE APTITUD PSICOFISICA<\/span>. Atenci\u00f3n: <\/strong>El certificado medico es f\u00edsico y psicol\u00f3gico para actividades de trekking en monta\u00f1a o esfuerzo. <\/span><span style=\"font-size: 10pt;\">Solicita turno\/s con medico cl\u00ednico y psic\u00f3logo para tramitarlo y presentarlo, el apto puede presentar hasta la primer semana de inicio de clases.<\/span><\/li>\r\n<li><span style=\"font-size: 10pt;\"><strong><span style=\"text-decoration: underline;\">FOTO PERSONAL<\/span> <\/strong>(tomada con el celular sin gorras ni anteojos)<\/span><\/li>\r\n<li>La documentaci\u00f3n se adjunta al momento de inscribirte.-<\/li>\r\n<\/ul>\r\n<p><div class=\"gdlr-stunning-text-ux gdlr-ux\"><div class=\"gdlr-stunning-text-item type-normal with-padding \" style=\"background-color:#f3f3f3;\" ><h2 class=\"stunning-text-title\" style=\"color: #94d64f\" >BECAS PARA GUIA DE MONTA\u00d1A &#8211; GUIA DE TURISMO AVENTURA<\/h2><div class=\"stunning-text-caption\" style=\"color: #a0a0a0\" > A partir del 2do cuatrimestre de cursada podes solicitar una beca a trav\u00e9s de nuestro programa de Becas al esfuerzo compartido <a href=\"http:\/\/www.isas.edu.ar\/web\/programa-de-becas-al-esfuerzo-compartido\/\" target=\"_blank\" rel=\"noopener noreferrer\"><span style=\"color: #008000;\"><strong style=\"color: #008000;\">leer condiciones <\/strong><span style=\"color: #008000;\"><b>aqu\u00ed<\/b> <\/span><\/span><\/a><\/div><\/div><\/div><\/p>\r\n<p><strong style=\"font-size: inherit; text-align: right;\"><span style=\"font-family: 'arial black', sans-serif; font-size: 14pt;\"><span style=\"font-size: 18pt;\">I<\/span>nicio de clases:<\/span><\/strong><\/p>\r\n<p style=\"text-align: left;\"><b>Te esperamos el 17 marzo 2026 a las 18.55 hs.-<\/b><\/p>\r\n<hr>\r\n<div class=\"gdlr-shortcode-wrapper\"><div class=\"gdlr-gallery-item gdlr-item\" ><div class=\"gallery-column two columns\"><div class=\"gallery-item\"><a href=\"http:\/\/www.isas.edu.ar\/web\/cursos-cortos-2017\/1979707_720924418000605_7868545060870217604_n\/\" data-rel=\"fancybox\" ><img loading=\"lazy\" decoding=\"async\" src=\"http:\/\/www.isas.edu.ar\/web\/wp-content\/uploads\/2015\/06\/1979707_720924418000605_7868545060870217604_n-150x150.jpg\" alt=\"\" width=\"150\" height=\"150\" \/><\/a><span class=\"gallery-caption\">Taller de Cabuyeria<\/span><\/div><\/div><div class=\"gallery-column two columns\"><div class=\"gallery-item\"><a href=\"http:\/\/www.isas.edu.ar\/web\/raft-2014-13\/\" data-rel=\"fancybox\" ><img loading=\"lazy\" decoding=\"async\" src=\"http:\/\/www.isas.edu.ar\/web\/wp-content\/uploads\/2014\/10\/raft-2014-13-150x150.jpg\" alt=\"\" width=\"150\" height=\"150\" \/><\/a><span class=\"gallery-caption\">Taller de Remo<\/span><\/div><\/div><div class=\"gallery-column two columns\"><div class=\"gallery-item\"><a href=\"http:\/\/www.isas.edu.ar\/web\/raftin4\/\" data-rel=\"fancybox\" ><img loading=\"lazy\" decoding=\"async\" src=\"http:\/\/www.isas.edu.ar\/web\/wp-content\/uploads\/2014\/10\/raftin4-150x150.jpg\" alt=\"\" width=\"150\" height=\"150\" \/><\/a><span class=\"gallery-caption\">Taller de Rafting<\/span><\/div><\/div><div class=\"gallery-column two columns\"><div class=\"gallery-item\"><a href=\"http:\/\/www.isas.edu.ar\/web\/web4\/\" data-rel=\"fancybox\" ><img loading=\"lazy\" decoding=\"async\" src=\"http:\/\/www.isas.edu.ar\/web\/wp-content\/uploads\/2014\/10\/web4-150x150.jpg\" alt=\"\" width=\"150\" height=\"150\" \/><\/a><span class=\"gallery-caption\">Taller de Escalada<\/span><\/div><\/div><div class=\"gallery-column two columns\"><div class=\"gallery-item\"><a href=\"http:\/\/www.isas.edu.ar\/web\/isas45\/\" data-rel=\"fancybox\" ><img loading=\"lazy\" decoding=\"async\" src=\"http:\/\/www.isas.edu.ar\/web\/wp-content\/uploads\/2014\/10\/isas45-150x150.jpg\" alt=\"\" width=\"150\" height=\"150\" \/><\/a><span class=\"gallery-caption\">Taller de Verano<\/span><\/div><\/div><div class=\"gallery-column two columns\"><div class=\"gallery-item\"><a href=\"http:\/\/www.isas.edu.ar\/web\/isas24\/\" data-rel=\"fancybox\" ><img loading=\"lazy\" decoding=\"async\" src=\"http:\/\/www.isas.edu.ar\/web\/wp-content\/uploads\/2014\/10\/isas24-150x150.jpg\" alt=\"\" width=\"150\" height=\"150\" \/><\/a><span class=\"gallery-caption\">Trekking y Caminatas<\/span><\/div><\/div><div class=\"clear\"><\/div><\/div><\/div>\r\n","protected":false},"excerpt":{"rendered":"<p>Instituto Superior Andes del Sur &#8211; Ingreso MARZO 2026 Abierta la inscripci\u00f3n a las Tecnicaturas de Gu\u00eda de Turismo Aventura &#8211; Gu\u00eda de Monta\u00f1a&nbsp; TECNICATURA SUPERIOR EN GUIA DE TURISMO AVENTURA &#8211;&nbsp; &nbsp;TECNICATURA SUPERIOR EN GU\u00cdA DE MONTA\u00d1A &#8211; TECNICATURA SUPERIOR EN GUIA DE TURISMO T\u00edtulos oficiales &#8211; Habilitados por Parques Nacionales &#8211; Puntaje docente&#8230; <\/p>\n<div class=\"clear\"><\/div>\n<p><a href=\"http:\/\/www.isas.edu.ar\/web\/inscripcion2026\/\" class=\"gdlr-button with-border excerpt-read-more\">Read More<\/a><\/p>\n","protected":false},"author":1,"featured_media":0,"parent":0,"menu_order":0,"comment_status":"closed","ping_status":"closed","template":"","meta":{"footnotes":""},"_links":{"self":[{"href":"http:\/\/www.isas.edu.ar\/web\/wp-json\/wp\/v2\/pages\/4558"}],"collection":[{"href":"http:\/\/www.isas.edu.ar\/web\/wp-json\/wp\/v2\/pages"}],"about":[{"href":"http:\/\/www.isas.edu.ar\/web\/wp-json\/wp\/v2\/types\/page"}],"author":[{"embeddable":true,"href":"http:\/\/www.isas.edu.ar\/web\/wp-json\/wp\/v2\/users\/1"}],"replies":[{"embeddable":true,"href":"http:\/\/www.isas.edu.ar\/web\/wp-json\/wp\/v2\/comments?post=4558"}],"version-history":[{"count":10,"href":"http:\/\/www.isas.edu.ar\/web\/wp-json\/wp\/v2\/pages\/4558\/revisions"}],"predecessor-version":[{"id":30251,"href":"http:\/\/www.isas.edu.ar\/web\/wp-json\/wp\/v2\/pages\/4558\/revisions\/30251"}],"wp:attachment":[{"href":"http:\/\/www.isas.edu.ar\/web\/wp-json\/wp\/v2\/media?parent=4558"}],"curies":[{"name":"wp","href":"https:\/\/api.w.org\/{rel}","templated":true}]}}