{"id":4174,"date":"2014-10-30T09:00:22","date_gmt":"2014-10-30T12:00:22","guid":{"rendered":"http:\/\/www.isas.edu.ar\/web\/?page_id=4174"},"modified":"2016-10-27T11:36:11","modified_gmt":"2016-10-27T14:36:11","slug":"solicitud-de-equivalencias","status":"publish","type":"page","link":"http:\/\/www.isas.edu.ar\/web\/solicitud-de-equivalencias\/","title":{"rendered":"Solicitud de Equivalencias"},"content":{"rendered":"<div class=\"content-content clearfix\">\n<p>Equivalencias:<\/p>\n<p>El inicio del tr\u00e1mite de equivalencias externas no est\u00e1 condicionado a la inscripci\u00f3n.\u00a0Podes inscribirte antes, durante o despu\u00e9s del pedido.<\/p>\n<\/div>\n<p>Para solicitar las equivalencias podes presentar el<strong><span style=\"color: #0000ff;\"> <a style=\"color: #0000ff;\" href=\"http:\/\/www.isas.edu.ar\/web\/wp-content\/uploads\/2014\/10\/SOLICITUD-EQUIVALENCIAS-ISAS.pdf\">formulario de solicitud<\/a> <\/span><\/strong>junto con la documentaci\u00f3n en Secretaria.<\/p>\n","protected":false},"excerpt":{"rendered":"<p>Equivalencias: El inicio del tr\u00e1mite de equivalencias externas no est\u00e1 condicionado a la inscripci\u00f3n.\u00a0Podes inscribirte antes, durante o despu\u00e9s del pedido. Para solicitar las equivalencias podes presentar el formulario de solicitud junto con la documentaci\u00f3n en Secretaria.<\/p>\n","protected":false},"author":1,"featured_media":0,"parent":0,"menu_order":0,"comment_status":"closed","ping_status":"open","template":"","meta":{"footnotes":""},"_links":{"self":[{"href":"http:\/\/www.isas.edu.ar\/web\/wp-json\/wp\/v2\/pages\/4174"}],"collection":[{"href":"http:\/\/www.isas.edu.ar\/web\/wp-json\/wp\/v2\/pages"}],"about":[{"href":"http:\/\/www.isas.edu.ar\/web\/wp-json\/wp\/v2\/types\/page"}],"author":[{"embeddable":true,"href":"http:\/\/www.isas.edu.ar\/web\/wp-json\/wp\/v2\/users\/1"}],"replies":[{"embeddable":true,"href":"http:\/\/www.isas.edu.ar\/web\/wp-json\/wp\/v2\/comments?post=4174"}],"version-history":[{"count":2,"href":"http:\/\/www.isas.edu.ar\/web\/wp-json\/wp\/v2\/pages\/4174\/revisions"}],"predecessor-version":[{"id":4209,"href":"http:\/\/www.isas.edu.ar\/web\/wp-json\/wp\/v2\/pages\/4174\/revisions\/4209"}],"wp:attachment":[{"href":"http:\/\/www.isas.edu.ar\/web\/wp-json\/wp\/v2\/media?parent=4174"}],"curies":[{"name":"wp","href":"https:\/\/api.w.org\/{rel}","templated":true}]}}