{"id":4092,"date":"2014-10-27T18:30:58","date_gmt":"2014-10-27T21:30:58","guid":{"rendered":"http:\/\/www.isas.edu.ar\/web\/?page_id=4092"},"modified":"2024-06-11T15:15:22","modified_gmt":"2024-06-11T18:15:22","slug":"programa-de-becas-al-esfuerzo-compartido","status":"publish","type":"page","link":"http:\/\/www.isas.edu.ar\/web\/programa-de-becas-al-esfuerzo-compartido\/","title":{"rendered":"Programa de Becas al Esfuerzo Compartido"},"content":{"rendered":"<ul>\n<li><span style=\"font-family: arial, helvetica, sans-serif;\"><strong><span style=\"color: #000000;\">DESCRIPCI\u00d3N<\/span><\/strong><\/span><\/li>\n<\/ul>\n<p style=\"text-align: justify;\"><span style=\"color: #000000; font-size: 10pt; font-family: arial, helvetica, sans-serif;\">El Instituto Superior Andes del Sur, juntamente con la ONG Taller de Vida en la Naturaleza brindan un atractivo sistema de Becas denominado <em><strong>Programa de Becas al Esfuerzo Compartido<\/strong><\/em>, cuya misi\u00f3n es afianzar la calidad educativa&nbsp;al tiempo de ofrecer igualdad de oportunidades. De esta manera promueve simult\u00e1neamente, el sentido de equidad y calidad en los estudios, favoreciendo la formaci\u00f3n de recursos humanos tendientes a multiplicar \u2013 una vez graduados y antes tambi\u00e9n \u2013 el aprecio por la naturaleza y. en consecuencia el cuidado del medio ambiente.<\/span><\/p>\n<p style=\"text-align: justify;\"><span style=\"color: #000000; font-size: 10pt; font-family: arial, helvetica, sans-serif;\"><span style=\"color: #000000;\"><span style=\"font-size: 10pt;\">El programa de becas apunta a premiar el compromiso del alumno que alcance un desempe\u00f1o satisfactorio durante su formaci\u00f3n. Las mismas alcanzan hasta el 50 % del valor de las cuotas de las carreras de <\/span><\/span><em><strong style=\"color: #000000; font-size: 10pt;\">T\u00e9cnico Superior en Gu\u00eda de Turismo Aventura,<\/strong><b style=\"color: #000000; font-size: 10pt;\">&nbsp;T\u00e9cnico Superior en G<\/b><span style=\"color: #000000;\"><span style=\"font-size: 13.3333px;\"><b>u\u00eda<\/b><\/span><\/span><b style=\"color: #000000; font-size: 10pt;\"> de Monta\u00f1a.<\/b><\/em><\/span><\/p>\n<ul>\n<li><span style=\"font-family: arial, helvetica, sans-serif;\"><strong><span style=\"color: #000000;\">ANTECEDENTES<\/span><\/strong><\/span><\/li>\n<\/ul>\n<p style=\"text-align: justify;\"><span style=\"color: #000000; font-size: 10pt; font-family: arial, helvetica, sans-serif;\">La formaci\u00f3n profesional en nuestras carreras de grado incluye indefectiblemente de una capacitaci\u00f3n en el terreno que requiere en repetidas oportunidades del traslado a diversos y distantes destinos. Am\u00e9n de ello, es necesaria indumentaria espec\u00edfica para afrontar las condiciones clim\u00e1ticas a menudo adversas, y claro est\u00e1, el&nbsp; equipamiento espec\u00edfico y de seguridad para las actividades de monta\u00f1a que necesitar\u00e1 a futuro en su desempe\u00f1o profesional, pero a la vez comenzar\u00e1 a utilizar durante su formaci\u00f3n<\/span><\/p>\n<p style=\"text-align: justify;\"><span style=\"color: #000000; font-size: 10pt; font-family: arial, helvetica, sans-serif;\">Todo ello, adem\u00e1s de lo que significa&nbsp;realizar varios viajes en un mismo a\u00f1o, desde lo afectivo, social y laboral, repercute en su econom\u00eda ya que implica elevad\u00edsimos costos que lamentablemente gran parte de nuestros alumnos no ha podido afrontar, situaci\u00f3n que ha llevado \u2013 a\u00f1o tras a\u00f1o \u2013 a &nbsp;abandonar sus estudios a una importante cantidad de ellos a\u00fan con excelente desempe\u00f1o acad\u00e9mico.<\/span><\/p>\n<p style=\"text-align: justify;\"><span style=\"font-size: 10pt; color: #000000; font-family: arial, helvetica, sans-serif;\">Por todo lo dicho es que la ONG Asociaci\u00f3n Civil Taller de Vida en la Naturaleza, ha decidido ofrecer, con no poco esfuerzo, este programa de becas a aquellos alumnos que alcancen un buen desempe\u00f1o acad\u00e9mico y regularidad en la asistencia. <em><strong>En otras palabras, a aquellos que retribuyan el esfuerzo de la ONG con su propio esfuerzo.<\/strong><\/em> De ah\u00ed el nombre del programa.<\/span><\/p>\n<ul>\n<li><span style=\"font-family: arial, helvetica, sans-serif;\"><span style=\"color: #000000; font-size: 10pt;\">&nbsp;<\/span><strong><span style=\"color: #000000;\">CARACTER\u00cdSTCAS<\/span><\/strong><\/span><\/li>\n<\/ul>\n<p><span style=\"color: #000000; font-family: arial, helvetica, sans-serif;\">Las becas pueden ser:<\/span><\/p>\n<ul style=\"list-style-type: circle;\">\n<li><span style=\"font-family: arial, helvetica, sans-serif;\"><strong style=\"font-size: inherit;\"><span style=\"color: #000000;\">&nbsp;para LA TECNICATURA SUPERIOR EN GU\u00cdA DE MONTA\u00d1A o TECNICATURA SUPERIOR EN GUIA DE TURISMO AVENTURA:<\/span><\/strong><\/span><\/li>\n<\/ul>\n<p><span style=\"color: #000000; font-family: arial, helvetica, sans-serif;\"><span style=\"font-size: 10pt;\">&nbsp;<\/span><strong>Becas del 50 %: <\/strong>mantener un promedio general igual o <strong>superior a 8,01 punto.<\/strong><\/span><\/p>\n<p><span style=\"color: #000000; font-family: arial, helvetica, sans-serif;\">El programa de becas est\u00e1 disponible para todos los alumnos y alumnos de carreras presenciales, con secundario completo y nacionalidad argentina. Tienen una duraci\u00f3n de un cuatrimestre y son renovables por un per\u00edodo similar hasta finalizar los estudios, bajo el \u00fanico lineamiento de mantener los promedios arriba mencionados.<\/span><\/p>\n<p><span style=\"color: #000000; font-family: arial, helvetica, sans-serif;\">La beca aplica a partir del 2do cuatrimestre de cursada cuando pueden calcularse promedios obtenidos.<strong>&nbsp;<\/strong><\/span><\/p>\n<p style=\"text-align: center;\"><span style=\"font-family: arial, helvetica, sans-serif;\"><a class=\"fasc-button fasc-size-medium fasc-type-glossy fasc-rounded-medium fasc-style-bold\" style=\"background-color: #5969d4; color: #f5f8fa;\" target=\"_blank\" href=\"http:\/\/www.isas.edu.ar\/web\/wp-content\/uploads\/2024\/06\/BECAS-PREGUNTAS-FRECUENTES-.docx-1.pdf\" rel=\"noopener\">BECAS &#8211; leer aqu\u00ed PREGUNTAS FRECUENTES<\/a><\/span><\/p>\n<ul>\n<li><span style=\"font-family: arial, helvetica, sans-serif;\">&nbsp;<strong><span style=\"color: #000000;\">PER\u00cdODO DE SOLICITUD DE BECAS:<\/span><\/strong><\/span><\/li>\n<\/ul>\n<p>Cuando ingreses a la\/s carrera\/s de Gu\u00eda de Monta\u00f1a o Gu\u00eda de Turismo Aventura se enviara mail desde administraci\u00f3n indicando c\u00f3mo solicitar tu beca. Generalmente es a mediados del cuatrimestre para verificar promedio al finalizar la cursada.-&nbsp;<\/p>\n<p>&nbsp;<\/p>\n<p>&nbsp;<\/p>\n","protected":false},"excerpt":{"rendered":"<p>DESCRIPCI\u00d3N El Instituto Superior Andes del Sur, juntamente con la ONG Taller de Vida en la Naturaleza brindan un atractivo sistema de Becas denominado Programa de Becas al Esfuerzo Compartido, cuya misi\u00f3n es afianzar la calidad educativa&nbsp;al tiempo de ofrecer igualdad de oportunidades. De esta manera promueve simult\u00e1neamente, el sentido de equidad y calidad en&#8230; <\/p>\n<div class=\"clear\"><\/div>\n<p><a href=\"http:\/\/www.isas.edu.ar\/web\/programa-de-becas-al-esfuerzo-compartido\/\" class=\"gdlr-button with-border excerpt-read-more\">Read More<\/a><\/p>\n","protected":false},"author":1,"featured_media":0,"parent":0,"menu_order":0,"comment_status":"closed","ping_status":"open","template":"","meta":{"footnotes":""},"_links":{"self":[{"href":"http:\/\/www.isas.edu.ar\/web\/wp-json\/wp\/v2\/pages\/4092"}],"collection":[{"href":"http:\/\/www.isas.edu.ar\/web\/wp-json\/wp\/v2\/pages"}],"about":[{"href":"http:\/\/www.isas.edu.ar\/web\/wp-json\/wp\/v2\/types\/page"}],"author":[{"embeddable":true,"href":"http:\/\/www.isas.edu.ar\/web\/wp-json\/wp\/v2\/users\/1"}],"replies":[{"embeddable":true,"href":"http:\/\/www.isas.edu.ar\/web\/wp-json\/wp\/v2\/comments?post=4092"}],"version-history":[{"count":10,"href":"http:\/\/www.isas.edu.ar\/web\/wp-json\/wp\/v2\/pages\/4092\/revisions"}],"predecessor-version":[{"id":25821,"href":"http:\/\/www.isas.edu.ar\/web\/wp-json\/wp\/v2\/pages\/4092\/revisions\/25821"}],"wp:attachment":[{"href":"http:\/\/www.isas.edu.ar\/web\/wp-json\/wp\/v2\/media?parent=4092"}],"curies":[{"name":"wp","href":"https:\/\/api.w.org\/{rel}","templated":true}]}}