{"id":3314,"date":"2014-10-02T19:41:55","date_gmt":"2014-10-02T19:41:55","guid":{"rendered":"http:\/\/www.isas.edu.ar\/web\/?page_id=3314"},"modified":"2023-11-14T08:58:23","modified_gmt":"2023-11-14T11:58:23","slug":"curso-de-iniciacion-al-montanismo","status":"publish","type":"page","link":"http:\/\/www.isas.edu.ar\/web\/curso-de-iniciacion-al-montanismo\/","title":{"rendered":"Curso de Iniciaci\u00f3n al Monta\u00f1ismo"},"content":{"rendered":"\r\n<p class=\"p1\"><i><b>V\u00e1lido como pre formaci\u00f3n de las Carreras Superiores de Gu\u00eda\u00a0de Turismo Aventura y Gu\u00eda\u00a0de Monta\u00f1a<\/b><\/i><\/p>\r\n<p>Capacitador: Sebasti\u00e1n Colm\u00e1n<\/p>\r\n<p class=\"p1\"><div class=\"gdlr-shortcode-wrapper\"><div class=\"gdlr-notification gdlr-item color-border\"  style=\"color:#000000; border-color:#99d15e; \" ><i class=\"fa icon-flag\"><\/i><div class=\"notification-content\"> PR\u00d3XIMO CURSO INICIO<strong> 2024\u00a0 <\/strong><\/div><div class=\"clear\"><\/div><\/div><\/div><\/p>\r\n<h4 class=\"p1\"><strong><span style=\"font-family: 'courier new', courier, monospace;\">OBJETIVOS GENERALES<\/span><\/strong><\/h4>\r\n<ul>\r\n<li>Al finalizar este curso, los participantes habr\u00e1n asimilado las t\u00e9cnicas b\u00e1sicas de desplazamiento en terrenos monta\u00f1osos y de orientaci\u00f3n en la naturaleza tanto por medios instrumentales como naturales. Obtendr\u00e1n las herramientas necesarias para ir a la monta\u00f1a en forma segura<\/li>\r\n<li>Se tratan tambi\u00e9n aspectos actuales de la vestimenta y el equipamiento necesario para desenvolverse adecuadamente en estos ambientes.<\/li>\r\n<li class=\"p1\">Se entregar\u00e1 un certificado de asistencia y aprobaci\u00f3n, que lo habilitar\u00e1 para tomar cursos t\u00e9cnicos m\u00e1s avanzados y\/o continuar estudios superiores en las carreras de Gu\u00eda de Monta\u00f1a\u00a0 y\u00a0 Gu\u00eda de Turismo Aventura\u00a0 en el Instituto Superior Andes del Sur,\u00a0 carreras con t\u00edtulo oficial, reconocidas por el ministerio de educaci\u00f3n y la administraci\u00f3n de parques nacionales<\/li>\r\n<\/ul>\r\n<p class=\"p1\">\u00a0<\/p>\r\n<h4><strong><span style=\"font-family: 'courier new', courier, monospace;\">ASPECTOS OPERATIVOS Y ADMINISTRATIVOS<\/span><\/strong><\/h4>\r\n<p>Es posible optar la modalidad de cursada: Clases te\u00f3ricas PRESENCIALES Y\/O ONLINE a trav\u00e9s de zoom y\/o meet. Ambas modalidades con apoyo de campus virtual Moodle.-<\/p>\r\n<p>Horario de clases: Jueves de 20 a 22 horas. INICIO: 2024-<\/p>\r\n<p>Clase 1: Iniciaci\u00f3n al monta\u00f1ismo, definiciones y c\u00e1lculo de marcha;<\/p>\r\n<p>Clase 2: Indumentaria, tecnolog\u00edas y Sistemas de vestimenta por capas.<\/p>\r\n<p>Clase 3: Mochila: tipos, dise\u00f1o, armado de mochila. Aislantes. Calzado.<\/p>\r\n<p>Clase 4: Carpas. Bolsa de dormir<\/p>\r\n<p>Clase 5: Orientaci\u00f3n A: definiciones, elementos naturales y artificiales, br\u00fajula y planimetr\u00eda general.<\/p>\r\n<p>Clase 6:Orientaci\u00f3n B: dise\u00f1o de itinerarios<\/p>\r\n<p>Clase 7:Fundamentos generales de hidrataci\u00f3n y nutrici\u00f3n deportiva.<\/p>\r\n<p>Clase 8: Salida practica a C\u00b0 Tres Picos.<\/p>\r\n<p>Clase 9: Organizaci\u00f3n de campamentos, fundamentos e itinerario.<\/p>\r\n<p>Clase 10: Gesti\u00f3n del riesgo.<\/p>\r\n<p>Clase 11: Evaluaci\u00f3n y cierre del curso<\/p>\r\n<p>Se otorgar\u00e1 certificado de participaci\u00f3n a quien realice el curso sin asistir a Salida.-<\/p>\r\n<p>Para obtener certificaci\u00f3n del curso es obligatorio asistir a la Salida pr\u00e1ctica y a la Evaluaci\u00f3n final.-<\/p>\r\n<p>&nbsp;<\/p>\r\n<h4><strong><span style=\"font-family: 'courier new', courier, monospace;\">REQUISITOS Y CONDICIONES DE INGRESO<\/span><\/strong><\/h4>\r\n<p class=\"p1\">T\u00edtulo Secundario<\/p>\r\n<p class=\"p1\">Salud y condici\u00f3n f\u00edsica adecuados. Apto m\u00e9dico para salida.<\/p>\r\n<p class=\"p1\">Edad m\u00ednima 18 a\u00f1os.<\/p>\r\n<p>Participar de la salida a la monta\u00f1a y la evaluaci\u00f3n es condici\u00f3n para la certificaci\u00f3n del curso.-<\/p>\r\n<p style=\"text-align: center;\">\u00a0<\/p>\r\n\r\n\r\n\r\n<div class=\"gdlr-shortcode-wrapper\"><div class=\"gdlr-gallery-item gdlr-item\" ><div class=\"gallery-column two columns\"><div class=\"gallery-item\"><a href=\"http:\/\/www.isas.edu.ar\/web\/whatsapp-image-2021-10-25-at-11-54-44\/\" data-rel=\"fancybox\" ><img loading=\"lazy\" decoding=\"async\" src=\"http:\/\/www.isas.edu.ar\/web\/wp-content\/uploads\/2021\/10\/WhatsApp-Image-2021-10-25-at-11.54.44-150x150.jpeg\" alt=\"\" width=\"150\" height=\"150\" \/><\/a><\/div><\/div><div class=\"gallery-column two columns\"><div class=\"gallery-item\"><a href=\"http:\/\/www.isas.edu.ar\/web\/whatsapp-image-2021-10-25-at-11-54-34-3\/\" data-rel=\"fancybox\" ><img loading=\"lazy\" decoding=\"async\" src=\"http:\/\/www.isas.edu.ar\/web\/wp-content\/uploads\/2021\/10\/WhatsApp-Image-2021-10-25-at-11.54.34-3-150x150.jpeg\" alt=\"\" width=\"150\" height=\"150\" \/><\/a><\/div><\/div><div class=\"gallery-column two columns\"><div class=\"gallery-item\"><a href=\"http:\/\/www.isas.edu.ar\/web\/postitulo-en-campamentos-educativos\/12032132_10207179437259265_5261289085299751944_n\/\" data-rel=\"fancybox\" ><img loading=\"lazy\" decoding=\"async\" src=\"http:\/\/www.isas.edu.ar\/web\/wp-content\/uploads\/2020\/11\/12032132_10207179437259265_5261289085299751944_n-150x150.jpg\" alt=\"\" width=\"150\" height=\"150\" \/><\/a><\/div><\/div><div class=\"gallery-column two columns\"><div class=\"gallery-item\"><a href=\"http:\/\/www.isas.edu.ar\/web\/postitulo-en-campamentos-educativos\/hua-hum-2010-282\/\" data-rel=\"fancybox\" ><img loading=\"lazy\" decoding=\"async\" src=\"http:\/\/www.isas.edu.ar\/web\/wp-content\/uploads\/2020\/11\/Hua-Hum-2010-282-150x150.jpg\" alt=\"\" width=\"150\" height=\"150\" \/><\/a><\/div><\/div><div class=\"gallery-column two columns\"><div class=\"gallery-item\"><a href=\"http:\/\/www.isas.edu.ar\/web\/isas36\/\" data-rel=\"fancybox\" ><img loading=\"lazy\" decoding=\"async\" src=\"http:\/\/www.isas.edu.ar\/web\/wp-content\/uploads\/2014\/10\/isas36-150x150.jpg\" alt=\"\" width=\"150\" height=\"150\" \/><\/a><\/div><\/div><div class=\"gallery-column two columns\"><div class=\"gallery-item\"><a href=\"http:\/\/www.isas.edu.ar\/web\/postitulo-en-campamentos-educativos\/12003884_10207179555942232_7443097520885391910_n\/\" data-rel=\"fancybox\" ><img loading=\"lazy\" decoding=\"async\" src=\"http:\/\/www.isas.edu.ar\/web\/wp-content\/uploads\/2020\/11\/12003884_10207179555942232_7443097520885391910_n-150x150.jpg\" alt=\"\" width=\"150\" height=\"150\" \/><\/a><\/div><\/div><div class=\"clear\"><\/div><\/div><\/div>\r\n","protected":false},"excerpt":{"rendered":"<p>V\u00e1lido como pre formaci\u00f3n de las Carreras Superiores de Gu\u00eda\u00a0de Turismo Aventura y Gu\u00eda\u00a0de Monta\u00f1a Capacitador: Sebasti\u00e1n Colm\u00e1n OBJETIVOS GENERALES Al finalizar este curso, los participantes habr\u00e1n asimilado las t\u00e9cnicas b\u00e1sicas de desplazamiento en terrenos monta\u00f1osos y de orientaci\u00f3n en la naturaleza tanto por medios instrumentales como naturales. Obtendr\u00e1n las herramientas necesarias para ir a&#8230; <\/p>\n<div class=\"clear\"><\/div>\n<p><a href=\"http:\/\/www.isas.edu.ar\/web\/curso-de-iniciacion-al-montanismo\/\" class=\"gdlr-button with-border excerpt-read-more\">Read More<\/a><\/p>\n","protected":false},"author":1,"featured_media":0,"parent":0,"menu_order":0,"comment_status":"closed","ping_status":"open","template":"","meta":{"footnotes":""},"_links":{"self":[{"href":"http:\/\/www.isas.edu.ar\/web\/wp-json\/wp\/v2\/pages\/3314"}],"collection":[{"href":"http:\/\/www.isas.edu.ar\/web\/wp-json\/wp\/v2\/pages"}],"about":[{"href":"http:\/\/www.isas.edu.ar\/web\/wp-json\/wp\/v2\/types\/page"}],"author":[{"embeddable":true,"href":"http:\/\/www.isas.edu.ar\/web\/wp-json\/wp\/v2\/users\/1"}],"replies":[{"embeddable":true,"href":"http:\/\/www.isas.edu.ar\/web\/wp-json\/wp\/v2\/comments?post=3314"}],"version-history":[{"count":10,"href":"http:\/\/www.isas.edu.ar\/web\/wp-json\/wp\/v2\/pages\/3314\/revisions"}],"predecessor-version":[{"id":23026,"href":"http:\/\/www.isas.edu.ar\/web\/wp-json\/wp\/v2\/pages\/3314\/revisions\/23026"}],"wp:attachment":[{"href":"http:\/\/www.isas.edu.ar\/web\/wp-json\/wp\/v2\/media?parent=3314"}],"curies":[{"name":"wp","href":"https:\/\/api.w.org\/{rel}","templated":true}]}}