{"id":3311,"date":"2014-10-02T19:41:38","date_gmt":"2014-10-02T19:41:38","guid":{"rendered":"http:\/\/www.isas.edu.ar\/web\/?page_id=3311"},"modified":"2016-10-27T09:22:12","modified_gmt":"2016-10-27T12:22:12","slug":"curso-de-orientacion-y-cartografia","status":"publish","type":"page","link":"http:\/\/www.isas.edu.ar\/web\/curso-de-orientacion-y-cartografia\/","title":{"rendered":"Curso de Orientaci\u00f3n y Cartograf\u00eda"},"content":{"rendered":"<p><b><i>CURSO DE ORIENTACI\u00d3N Y CARTOGRAF\u00cdA \u00a0 \u00a0<\/i><\/b><\/p>\n<p class=\"p2\"><b><i>V\u00e1lido como pre formaci\u00f3n de las Carreras Superiores de Gu\u00edas \u00a0y\u00a0T\u00e9cnico Superior en Vida en la Naturaleza<\/i><\/b><\/p>\n<p class=\"p2\">\n<div class=\"gdlr-shortcode-wrapper\">\n<div class=\"gdlr-notification gdlr-item color-border\"  style=\"color:#000000; border-color:#99d15e; \" ><i class=\"fa icon-flag\"><\/i><\/p>\n<div class=\"notification-content\"><strong>Inicia: \u00a0 2017 \u00a0&#8211; 5 Encuentros<span style=\"font-size: 18pt;\"> +<\/span> una jornada\u00a0pr\u00e1ctica en espacios verdes de la ciudad de Buenos Aires<\/strong><\/div>\n<div class=\"clear\"><\/div>\n<\/div>\n<\/div>\n<p class=\"p2\" style=\"text-align: right;\">\n<div class=\"gdlr-shortcode-wrapper\">\n<div class=\"gdlr-skill-bar-wrapper  gdlr-item gdlr-size-medium\" >\n<div class=\"gdlr-skill-bar gdlr-ux\" style=\"background-color: #e9e9e9;\" >\n<div class=\"gdlr-skill-bar-progress\" data-percent=\"50\" style=\"background-color: #a9e16e;\" ><span class=\"skill-bar-content\" style=\"color: #ffffff;\" ><a href=\"http:\/\/goo.gl\/forms\/H7MwJcIEM9\" target=\"_blank\">INSCRIPCION<\/a><\/span><\/div>\n<\/div>\n<\/div>\n<\/div>\n<p class=\"p2\"><b>&#8211; Objetivos Generales<\/b><\/p>\n<p class=\"p2\">&#8211; Al finalizar este curso, los participantes habr\u00e1n alcanzado los conocimientos te\u00f3rico \u2013 pr\u00e1cticos necesarios para orientarse eficazmente en diferentes terrenos mediante la interpretaci\u00f3n de indicios que se presentan en los ambientes naturales\u00a0\u00a0como tambi\u00e9n a trav\u00e9s de la aplicaci\u00f3n de t\u00e9cnicas para el manejo de instrumentos y la lectura e interpretaci\u00f3n de mapas y cartas topogr\u00e1ficas.<\/p>\n<p class=\"p2\">&#8211; Los asistentes obtendr\u00e1n conocimientos y herramientas para participar eficazmente en diversas competencias de aventura donde la orientaci\u00f3n sea un elemento crucial para llegar a la meta.<\/p>\n<p class=\"p2\">&#8211; Se entregar\u00e1 un certificado de asistencia y aprobaci\u00f3n, que lo habilitar\u00e1 para tomar cursos t\u00e9cnicos m\u00e1s avanzados y\/o continuar estudios superiores en las carreras de Gu\u00eda de Trekking en Cordillera,\u00a0\u00a0Gu\u00eda de Turismo Aventura y T\u00e9cnico Superior en Vida en la Naturaleza en el Instituto Superior Andes del Sur,\u00a0\u00a0carreras con t\u00edtulo oficial, reconocidas por el ministerio de educaci\u00f3n y la administraci\u00f3n de parques nacionales.<\/p>\n<p><strong>Horario de clases: \u00a019:00 a 21:30 hs<\/strong><\/p>\n<p><strong>Jornada de pr\u00e1cticas<\/strong>: \u00a0Fecha a definir con el grupo, en fin de semana.<\/p>\n<p class=\"p2\"><b>REQUISITOS Y CONDICIONES DE INGRESO<\/b>:<b><br \/>\n<\/b>Salud y condici\u00f3n f\u00edsica adecuados. Apto m\u00e9dico.<br \/>\nEdad m\u00ednima 18 a\u00f1os.<\/p>\n<p class=\"p2\"><b><\/p>\n<div class=\"gdlr-shortcode-wrapper\">\n<div class=\"gdlr-skill-bar-wrapper  gdlr-item gdlr-size-medium\" >\n<div class=\"gdlr-skill-bar gdlr-ux\" style=\"background-color: #e9e9e9;\" >\n<div class=\"gdlr-skill-bar-progress\" data-percent=\"50\" style=\"background-color: #a9e16e;\" ><span class=\"skill-bar-content\" style=\"color: #ffffff;\" ><a href=\"http:\/\/www.isas.edu.ar\/web\/wp-content\/uploads\/2015\/08\/CONTENIDOS-CURSO-ORIENTACION.pdf\" target=\"_blank\">Contenidos del Curso<\/a><\/span><\/div>\n<\/div>\n<\/div>\n<\/div>\n<p><\/b><\/p>\n<p class=\"p2\"><b>ASPECTOS OPERATIVOS Y ADMINISTRATIVOS<\/b><\/p>\n<p class=\"p1\"><strong>carga horaria total:<\/strong>\u00a042 horas c\u00e1tedra\u00a0\u00a0(ver cuadro al final)<\/p>\n<p><strong>COSTO Y FORMA DE PAGO<\/strong><\/p>\n<p><strong>Inscripci\u00f3n antes del 1 de Agosto:\u00a0 \u00a0 \u00a0 \u00a0 \u00a0<\/strong>$ 480.-.<\/p>\n<p><strong>Inscripci\u00f3n despu\u00e9s del 1 de Agosto:<\/strong>\u00a0 \u00a0 $ 530.-<\/p>\n<p>Adicionar gastos por compra de carta IGM Instituto Geogr\u00e1fico Militar \u00a0 \u00a0$ 50.-<\/p>\n<p><strong>AFILIADOS ADEF: \u00a0 20 % DE DESCUENTO<\/strong><\/p>\n<p class=\"p2\"><b>\u00a0<\/b>\u00a0<\/p>\n<div class=\"gdlr-shortcode-wrapper\">\n<div class=\"gdlr-skill-bar-wrapper  gdlr-item gdlr-size-medium\" >\n<div class=\"gdlr-skill-bar gdlr-ux\" style=\"background-color: #e9e9e9;\" >\n<div class=\"gdlr-skill-bar-progress\" data-percent=\"50\" style=\"background-color: #a9e16e;\" ><span class=\"skill-bar-content\" style=\"color: #ffffff;\" ><a href=\"http:\/\/goo.gl\/forms\/H7MwJcIEM9\" target=\"_blank\"><strong>FORMULARIO DE INSCRIPCION<\/strong><\/a><\/span><\/div>\n<\/div>\n<\/div>\n<\/div>\n","protected":false},"excerpt":{"rendered":"<p>CURSO DE ORIENTACI\u00d3N Y CARTOGRAF\u00cdA \u00a0 \u00a0 V\u00e1lido como pre formaci\u00f3n de las Carreras Superiores de Gu\u00edas \u00a0y\u00a0T\u00e9cnico Superior en Vida en la Naturaleza &#8211; Objetivos Generales &#8211; Al finalizar este curso, los participantes habr\u00e1n alcanzado los conocimientos te\u00f3rico \u2013 pr\u00e1cticos necesarios para orientarse eficazmente en diferentes terrenos mediante la interpretaci\u00f3n de indicios que se&#8230; <\/p>\n<div class=\"clear\"><\/div>\n<p><a href=\"http:\/\/www.isas.edu.ar\/web\/curso-de-orientacion-y-cartografia\/\" class=\"gdlr-button with-border excerpt-read-more\">Read More<\/a><\/p>\n","protected":false},"author":1,"featured_media":0,"parent":0,"menu_order":0,"comment_status":"closed","ping_status":"open","template":"","meta":{"footnotes":""},"_links":{"self":[{"href":"http:\/\/www.isas.edu.ar\/web\/wp-json\/wp\/v2\/pages\/3311"}],"collection":[{"href":"http:\/\/www.isas.edu.ar\/web\/wp-json\/wp\/v2\/pages"}],"about":[{"href":"http:\/\/www.isas.edu.ar\/web\/wp-json\/wp\/v2\/types\/page"}],"author":[{"embeddable":true,"href":"http:\/\/www.isas.edu.ar\/web\/wp-json\/wp\/v2\/users\/1"}],"replies":[{"embeddable":true,"href":"http:\/\/www.isas.edu.ar\/web\/wp-json\/wp\/v2\/comments?post=3311"}],"version-history":[{"count":41,"href":"http:\/\/www.isas.edu.ar\/web\/wp-json\/wp\/v2\/pages\/3311\/revisions"}],"predecessor-version":[{"id":3331,"href":"http:\/\/www.isas.edu.ar\/web\/wp-json\/wp\/v2\/pages\/3311\/revisions\/3331"}],"wp:attachment":[{"href":"http:\/\/www.isas.edu.ar\/web\/wp-json\/wp\/v2\/media?parent=3311"}],"curies":[{"name":"wp","href":"https:\/\/api.w.org\/{rel}","templated":true}]}}