{"id":3295,"date":"2014-10-02T19:22:02","date_gmt":"2014-10-02T19:22:02","guid":{"rendered":"http:\/\/www.isas.edu.ar\/web\/?page_id=3295"},"modified":"2026-03-16T09:55:36","modified_gmt":"2026-03-16T12:55:36","slug":"guia-de-turismo-aventura","status":"publish","type":"page","link":"http:\/\/www.isas.edu.ar\/web\/guia-de-turismo-aventura\/","title":{"rendered":"Tecnicatura Superior en Gu\u00eda de Turismo Aventura"},"content":{"rendered":"<table style=\"border-collapse: collapse; width: 100%;\">\n<tbody>\n<tr>\n<td style=\"width: 25%;\"><img loading=\"lazy\" decoding=\"async\" class=\"aligncenter size-full wp-image-9705\" src=\"http:\/\/www.isas.edu.ar\/web\/wp-content\/uploads\/2020\/11\/mochilas.jpg\" alt=\"\" width=\"2074\" height=\"1555\" srcset=\"http:\/\/www.isas.edu.ar\/web\/wp-content\/uploads\/2020\/11\/mochilas.jpg 2074w, http:\/\/www.isas.edu.ar\/web\/wp-content\/uploads\/2020\/11\/mochilas-300x225.jpg 300w, http:\/\/www.isas.edu.ar\/web\/wp-content\/uploads\/2020\/11\/mochilas-1024x768.jpg 1024w, http:\/\/www.isas.edu.ar\/web\/wp-content\/uploads\/2020\/11\/mochilas-768x576.jpg 768w, http:\/\/www.isas.edu.ar\/web\/wp-content\/uploads\/2020\/11\/mochilas-1536x1152.jpg 1536w, http:\/\/www.isas.edu.ar\/web\/wp-content\/uploads\/2020\/11\/mochilas-2048x1536.jpg 2048w, http:\/\/www.isas.edu.ar\/web\/wp-content\/uploads\/2020\/11\/mochilas-400x300.jpg 400w\" sizes=\"(max-width: 2074px) 100vw, 2074px\" \/><\/td>\n<td style=\"width: 25%;\"><img loading=\"lazy\" decoding=\"async\" class=\"aligncenter size-full wp-image-5422\" src=\"http:\/\/www.isas.edu.ar\/web\/wp-content\/uploads\/2017\/11\/23231461_1119577874838901_7240070279099343731_n.jpg\" alt=\"\" width=\"960\" height=\"640\" srcset=\"http:\/\/www.isas.edu.ar\/web\/wp-content\/uploads\/2017\/11\/23231461_1119577874838901_7240070279099343731_n.jpg 960w, http:\/\/www.isas.edu.ar\/web\/wp-content\/uploads\/2017\/11\/23231461_1119577874838901_7240070279099343731_n-300x200.jpg 300w, http:\/\/www.isas.edu.ar\/web\/wp-content\/uploads\/2017\/11\/23231461_1119577874838901_7240070279099343731_n-768x512.jpg 768w\" sizes=\"(max-width: 960px) 100vw, 960px\" \/><\/td>\n<td style=\"width: 25%;\"><img loading=\"lazy\" decoding=\"async\" class=\"aligncenter size-full wp-image-9707\" src=\"http:\/\/www.isas.edu.ar\/web\/wp-content\/uploads\/2020\/11\/13256072_1712102839048241_8329706589554877861_n.jpg\" alt=\"\" width=\"960\" height=\"636\" srcset=\"http:\/\/www.isas.edu.ar\/web\/wp-content\/uploads\/2020\/11\/13256072_1712102839048241_8329706589554877861_n.jpg 960w, http:\/\/www.isas.edu.ar\/web\/wp-content\/uploads\/2020\/11\/13256072_1712102839048241_8329706589554877861_n-300x199.jpg 300w, http:\/\/www.isas.edu.ar\/web\/wp-content\/uploads\/2020\/11\/13256072_1712102839048241_8329706589554877861_n-768x509.jpg 768w\" sizes=\"(max-width: 960px) 100vw, 960px\" \/><\/td>\n<td style=\"width: 25%;\"><img loading=\"lazy\" decoding=\"async\" class=\"aligncenter size-full wp-image-9704\" src=\"http:\/\/www.isas.edu.ar\/web\/wp-content\/uploads\/2020\/11\/WhatsApp-Image-2020-11-06-at-09.44.40-1.jpeg\" alt=\"\" width=\"1022\" height=\"750\" srcset=\"http:\/\/www.isas.edu.ar\/web\/wp-content\/uploads\/2020\/11\/WhatsApp-Image-2020-11-06-at-09.44.40-1.jpeg 1022w, http:\/\/www.isas.edu.ar\/web\/wp-content\/uploads\/2020\/11\/WhatsApp-Image-2020-11-06-at-09.44.40-1-300x220.jpeg 300w, http:\/\/www.isas.edu.ar\/web\/wp-content\/uploads\/2020\/11\/WhatsApp-Image-2020-11-06-at-09.44.40-1-768x564.jpeg 768w\" sizes=\"(max-width: 1022px) 100vw, 1022px\" \/><\/td>\n<\/tr>\n<\/tbody>\n<\/table>\n<table style=\"height: 2px; border-color: #2b2a2a; background-color: #ded9d9;\" border=\"5\" width=\"713\" cellpadding=\"2\">\n<tbody>\n<tr>\n<td><span style=\"color: #000000;\"><span style=\"font-size: 14pt;\"><strong>GTA&nbsp;<\/strong><\/span><span style=\"font-size: 12pt;\">&nbsp;&#8211; &nbsp;<strong>guiar y coordinar grupos en actividades de Trekking y Turismo Aventura<\/strong><\/span><\/span><\/td>\n<\/tr>\n<\/tbody>\n<\/table>\n<p>&nbsp;<\/p>\n<hr>\n<p style=\"text-align: center;\"><span style=\"font-size: 12pt;\"><strong>La orientaci\u00f3n de la carrera es en las distintas disciplinas del Turismo Aventura<\/strong><\/span><\/p>\n<hr>\n<p style=\"text-align: center;\"><b><i><span style=\"text-decoration: underline;\">T\u00edtulo Oficial de Nivel Terciario:<\/span> &nbsp;T\u00e9cnico Superior en Gu\u00eda de Turismo Aventura &nbsp; <\/i><\/b><\/p>\n<p style=\"text-align: center;\"><b><i>(2 a\u00f1os y medio)<\/i><\/b><\/p>\n<p style=\"text-align: center;\"><em>Aprobado por&nbsp; el Ministerio de Educaci\u00f3n de la Ciudad de Buenos Aires.<\/em><\/p>\n<p style=\"text-align: center;\"><em>Validez Nacional.<\/em><\/p>\n<p style=\"text-align: center;\"><em>Habilitado por Parques Nacionales para desempe\u00f1arse como gu\u00eda especializado.<\/em><\/p>\n<p style=\"text-align: center;\"><em>Otorga puntaje docente \u2013 2 puntos a profesores de Educaci\u00f3n F\u00edsica \u2013 en el rubro otros t\u00edtulos<\/em><\/p>\n<p style=\"text-align: center;\"><a class=\"fasc-button fasc-size-small fasc-type-popout fasc-rounded-medium fasc-ico-before dashicons-arrow-right\" style=\"background-color: #f54308; color: #ffffff;\" target=\"_blank\" href=\"https:\/\/forms.gle\/Mm861pfS3QXjQxoA8\" rel=\"noopener\">INSCRIPCI\u00d3N <\/a><\/p>\n<p><img loading=\"lazy\" decoding=\"async\" class=\"aligncenter size-full wp-image-9702\" src=\"http:\/\/www.isas.edu.ar\/web\/wp-content\/uploads\/2020\/11\/WhatsApp-Image-2020-11-06-at-09.40.32-1.jpeg\" alt=\"\" width=\"1200\" height=\"444\" srcset=\"http:\/\/www.isas.edu.ar\/web\/wp-content\/uploads\/2020\/11\/WhatsApp-Image-2020-11-06-at-09.40.32-1.jpeg 1200w, http:\/\/www.isas.edu.ar\/web\/wp-content\/uploads\/2020\/11\/WhatsApp-Image-2020-11-06-at-09.40.32-1-300x111.jpeg 300w, http:\/\/www.isas.edu.ar\/web\/wp-content\/uploads\/2020\/11\/WhatsApp-Image-2020-11-06-at-09.40.32-1-1024x379.jpeg 1024w, http:\/\/www.isas.edu.ar\/web\/wp-content\/uploads\/2020\/11\/WhatsApp-Image-2020-11-06-at-09.40.32-1-768x284.jpeg 768w\" sizes=\"(max-width: 1200px) 100vw, 1200px\" \/><\/p>\n<hr>\n<p><strong><span style=\"color: #000000;\">Profesional capacitado para dise\u00f1ar programas y propuestas de turismo alternativo, liderando y conduciendo grupos en ambientes naturales y en actividades propias del turismo aventura, con conocimientos de primeros auxilios a efectos de garantizar la seguridad de&nbsp; sus clientes especialmente en zonas agrestes, transmitiendo&nbsp; en su labor actitudes y valores que promuevan el aprecio por la naturaleza y el respeto por el ambiente y las personas.<\/span><\/strong><\/p>\n<hr>\n<hr>\n<p><span style=\"color: #000000;\"><strong><em>INCUMBENCIA DEL T\u00cdTULO. &nbsp;<\/em><\/strong><\/span><\/p>\n<p><strong><span style=\"color: #000000;\"><em>El T\u00edtulo de T\u00e9cnico Superior en Gu\u00eda de Turismo Aventura habilita al egresado para:<\/em><\/span><\/strong><\/p>\n<ul>\n<li><strong><span style=\"color: #000000;\">Guiar, conducir y comercializar excursiones de senderismo y trekking en todos los terrenos siempre que no superen el grado 2 de dificultad (sendero sin dificultad, donde no es necesario el uso de las manos para mantener el equilibrio, sin exposici\u00f3n al vac\u00edo o a ca\u00eddas), sin incluir terrenos con nieve.<\/span><\/strong><\/li>\n<li><strong><span style=\"color: #000000;\">Guiar, conducir, organizar y comercializar excursiones de cicloturismo y bicicleta de monta\u00f1a en diversos circuitos y terrenos, sin incluir terreno nevado.<\/span><\/strong><\/li>\n<\/ul>\n<p>&nbsp;<\/p>\n<hr>\n<p><span style=\"font-size: 10pt; color: #333333;\"><strong><em>LOS EGRESADOS EST\u00c1N HABILITADOS POR PARQUES NACIONALES EN LAS CATEGOR\u00cdAS DE GU\u00cdAS ESPECIALIZADOS:<\/em><\/strong><\/span><\/p>\n<ul style=\"list-style-type: square;\">\n<li style=\"padding-left: 30px;\"><strong><span style=\"font-size: 10pt; color: #333333;\"><em>GU\u00cdA DE TREKKING EN SENDEROS, <\/em><\/span><\/strong><\/li>\n<li style=\"padding-left: 30px;\"><strong><span style=\"font-size: 10pt; color: #333333;\"><em>GUIA DE TREKKING EN SIERRAS <\/em><\/span><\/strong><\/li>\n<li style=\"padding-left: 30px;\"><strong><span style=\"font-size: 10pt; color: #333333;\"><em>GUIA DE CICLOTURISMO Y BICICLETA DE MONTA\u00d1A<\/em><\/span><\/strong><\/li>\n<\/ul>\n<hr>\n<hr>\n<p>&nbsp;<\/p>\n<p><em><strong>PLAN DE ESTUDIOS:<\/strong><\/em><\/p>\n<p>&nbsp;<\/p>\n<div class=\"gdlr-shortcode-wrapper gdlr-row-shortcode\">\n<div class=\"four columns\">\n<div class=\"gdlr-item gdlr-column-shortcode\">\n<p style=\"text-align: center;\"><span style=\"font-family: Raleway, helvetica, sans-serif;\"><img loading=\"lazy\" decoding=\"async\" class=\"aligncenter wp-image-3992 size-full\" src=\"http:\/\/www.isas.edu.ar\/web\/wp-content\/uploads\/2014\/10\/1.png\" alt=\"1\" width=\"70\" height=\"70\"><br \/>\nTecnica de orientaci\u00f3n y cartograf\u00eda<\/span><br \/>\n<span style=\"font-family: Raleway, helvetica, sans-serif;\">Trekking y caminatas I<\/span><br \/>\n<span style=\"font-family: Raleway, helvetica, sans-serif;\">Primeros Auxilios I<\/span><br \/>\n<span style=\"font-family: Raleway, helvetica, sans-serif;\">Fundamentos de la protecci\u00f3n ambiental<\/span><br \/>\n<span style=\"font-family: Raleway, helvetica, sans-serif;\">Taller de cabuyer\u00eda y rappel<\/span><br \/>\n<span style=\"font-family: Raleway, helvetica, sans-serif;\">Psicolog\u00eda General<\/span><br \/>\n<span style=\"font-family: Raleway, helvetica, sans-serif;\">Entrenamiento nivel I<\/span><\/p>\n<p style=\"text-align: center;\"><span style=\"font-family: Raleway, helvetica, sans-serif;\">Primeros auxilios II<\/span><br \/>\n<span style=\"font-family: Raleway, helvetica, sans-serif;\">Trekking y caminatas II<\/span><br \/>\n<span style=\"font-family: Raleway, helvetica, sans-serif;\">Nociones de Flora y Fauna<\/span><br \/>\n<span style=\"font-family: Raleway, helvetica, sans-serif;\">Introducci\u00f3n al Turismo<\/span><br \/>\n<span style=\"font-family: Raleway, helvetica, sans-serif;\">Psicolog\u00eda de Grupos<\/span><br \/>\nDeportes de Aventura I (Escalada y Rafting)<br \/>\n<span style=\"font-family: Raleway, helvetica, sans-serif;\">Entrenamiento Nivel II<\/span><\/p>\n<\/div>\n<\/div>\n<div class=\"four columns\">\n<div class=\"gdlr-item gdlr-column-shortcode\">\n<p style=\"text-align: center;\"><span style=\"font-family: Raleway, helvetica, sans-serif;\"><img loading=\"lazy\" decoding=\"async\" class=\"aligncenter size-full wp-image-3993\" src=\"http:\/\/www.isas.edu.ar\/web\/wp-content\/uploads\/2014\/10\/2.png\" alt=\"2\" width=\"70\" height=\"70\"><br \/>\nGeolog\u00eda I<\/span><br \/>\n<span style=\"font-family: Raleway, helvetica, sans-serif;\">\u00c1reas Protegidas<\/span><br \/>\n<span style=\"font-family: Raleway, helvetica, sans-serif;\">Operatoria de EVT<\/span><br \/>\n<span style=\"font-family: Raleway, helvetica, sans-serif;\">Taller de Organizaci\u00f3n de Campamentos<\/span><br \/>\n<span style=\"font-family: Raleway, helvetica, sans-serif;\">Geograf\u00eda Tur\u00edstica<\/span><br \/>\n<span style=\"font-family: Raleway, helvetica, sans-serif;\">Entrenamiento Nivel III<\/span><br \/>\n<span style=\"font-family: Raleway, helvetica, sans-serif;\">TILD de Verano &#8211; Bosque y Monta\u00f1as<br \/>\nTaller de Navegaci\u00f3n a Remo<\/span><\/p>\n<p style=\"text-align: center;\"><span style=\"font-family: Raleway, helvetica, sans-serif;\">Gesti\u00f3n de Productos Turisticos<br \/>\n<span style=\"font-family: Raleway, helvetica, sans-serif;\">Liderazgo en Ambientes Naturales<br \/>\n<span style=\"font-family: Raleway, helvetica, sans-serif;\">Nutrici\u00f3n<br \/>\n<span style=\"font-family: Raleway, helvetica, sans-serif;\">Geolog\u00eda II<\/span><br \/>\n<span style=\"font-family: Raleway, helvetica, sans-serif;\">Patrimonio Cultural<\/span><br \/>\n<span style=\"font-family: Raleway, helvetica, sans-serif;\">Traves\u00edas N\u00e1uticas<\/span><br \/>\n<span style=\"font-family: Raleway, helvetica, sans-serif;\">Deportes de Aventura II (Cabalgata y rafting II)<\/span><\/span><\/span><br \/>\n<\/span><\/p>\n<p>&nbsp;<\/p>\n<\/div>\n<\/div>\n<div class=\"four columns\">\n<div class=\"gdlr-item gdlr-column-shortcode\">\n<p style=\"text-align: center;\"><span style=\"font-family: Raleway, helvetica, sans-serif;\"><img loading=\"lazy\" decoding=\"async\" class=\"aligncenter size-full wp-image-3994\" src=\"http:\/\/www.isas.edu.ar\/web\/wp-content\/uploads\/2014\/10\/3.png\" alt=\"3\" width=\"70\" height=\"70\"><br \/>\nLegislaci\u00f3n<\/span><br \/>\n<span style=\"font-family: Raleway, helvetica, sans-serif;\">\u00c9tica Profesional<\/span><br \/>\n<span style=\"font-family: Raleway, helvetica, sans-serif;\">Taller de Elaboraci\u00f3n de Proyectos Tur\u00edsticos<\/span><br \/>\n<span style=\"font-family: Raleway, helvetica, sans-serif;\">Meteorolog\u00eda<br \/>\n<span style=\"font-family: Raleway, helvetica, sans-serif;\">Cicloturismo<\/span><br \/>\n<span style=\"font-family: Raleway, helvetica, sans-serif;\">Traves\u00edas en Mountain Bike<\/span><\/span><br \/>\n<span style=\"font-family: Raleway, helvetica, sans-serif;\">Radiocomunicaciones<br \/>\nPr\u00e1ctica Intensiva Final en GTA<\/span><\/p>\n<p style=\"text-align: center;\"><\/div>\n<\/div>\n<div class=\"clear\"><\/div>\n<\/div>\n<p><span style=\"font-family: Raleway, geneva;\">&nbsp;<\/span><\/p>\n<table style=\"height: 2px; border-color: #2b2a2a; background-color: #ded9d9;\" border=\"5\" width=\"713\" cellpadding=\"2\">\n<tbody>\n<tr>\n<td><span style=\"font-size: 14pt;\"><strong>PLAN DE SALIDAS<\/strong><\/span><\/td>\n<\/tr>\n<\/tbody>\n<\/table>\n<p style=\"text-align: justify;\"><span style=\"font-size: 12pt;\"><strong><em>&nbsp; &nbsp;<\/em><\/strong><\/span><\/p>\n<p>&nbsp;Durante las salidas se integran conocimientos de las distintas materias, poniendo \u00e9nfasis en la aplicaci\u00f3n pr\u00e1ctica de contenidos.<\/p>\n<p><span style=\"color: #000000;\"><em><strong>4 &nbsp;SALIDAS AL A\u00d1O &nbsp;&#8211; &nbsp;TOTAL 12 SALIDAS<\/strong><\/em>.<\/span><\/p>\n<p style=\"text-align: justify;\"><span style=\"font-family: Raleway, geneva;\">&nbsp;<\/span><\/p>\n<p><span style=\"font-family: Raleway, geneva;\"><a href=\"http:\/\/www.isas.edu.ar\/web\/wp-content\/uploads\/2014\/10\/salidas.png\"><img loading=\"lazy\" decoding=\"async\" class=\"aligncenter wp-image-4002 size-full\" src=\"http:\/\/www.isas.edu.ar\/web\/wp-content\/uploads\/2014\/10\/salidas.png\" alt=\"salidas\" width=\"960\" height=\"173\" srcset=\"http:\/\/www.isas.edu.ar\/web\/wp-content\/uploads\/2014\/10\/salidas.png 960w, http:\/\/www.isas.edu.ar\/web\/wp-content\/uploads\/2014\/10\/salidas-300x54.png 300w\" sizes=\"(max-width: 960px) 100vw, 960px\" \/><\/a><\/span><\/p>\n<p><span style=\"color: #000000;\">Talleres de Larga duraci\u00f3n ( TILD) en verano en Patagonia Andina.<\/span><\/p>\n<p>Los destinos y fechas de salidas son indicativos. Pueden variar seg\u00fan calendario y programaci\u00f3n anual.<\/p>\n<p>&nbsp;<\/p>\n<p>&nbsp;<\/p>\n<hr>\n<p><a href=\"http:\/\/www.isas.edu.ar\/web\/\"><img loading=\"lazy\" decoding=\"async\" class=\"wp-image-3723 aligncenter\" src=\"http:\/\/www.isas.edu.ar\/web\/wp-content\/uploads\/2014\/10\/logo-original-sin-fondo1.png\" alt=\"ir a home\" width=\"119\" height=\"88\" srcset=\"http:\/\/www.isas.edu.ar\/web\/wp-content\/uploads\/2014\/10\/logo-original-sin-fondo1.png 409w, http:\/\/www.isas.edu.ar\/web\/wp-content\/uploads\/2014\/10\/logo-original-sin-fondo1-300x220.png 300w, http:\/\/www.isas.edu.ar\/web\/wp-content\/uploads\/2014\/10\/logo-original-sin-fondo1-400x300.png 400w\" sizes=\"(max-width: 119px) 100vw, 119px\" \/><\/a>\n\t\t<!-- MasterSlider -->\n\t\t<div id=\"P_MS69e8c26be5412\" class=\"master-slider-parent msl ms-thumbs-template ms-parent-id-15\" style=\"max-width:100%;\">\n\n\t\t\t\n\t\t\t<!-- MasterSlider Main -->\n\t\t\t<div id=\"MS69e8c26be5412\" class=\"master-slider ms-skin-default\" >\n\t\t\t\t \t\t\t\t \n\t\t\t\t<div  class=\"ms-slide\" data-delay=\"1\" data-fill-mode=\"fill\"  >\n\t\t\t\t\t<img decoding=\"async\" src=\"http:\/\/www.isas.edu.ar\/web\/wp-content\/plugins\/master-slider\/public\/assets\/css\/blank.gif\" alt=\"\" title=\"\" data-src=\"http:\/\/www.isas.edu.ar\/web\/wp-content\/uploads\/2014\/10\/isas121-489x350.jpg\" \/>\n\n\n\t<img decoding=\"async\" class=\"ms-thumb\" src=\"http:\/\/www.isas.edu.ar\/web\/wp-content\/uploads\/2014\/10\/isas121-127x137.jpg\" alt=\"\" \/>\n\t<div class=\"ms-thumb\" ><div class=\"ms-tab-context\"><div class=&quot;ms-tab-context&quot;><\/div><\/div>\n<\/div>\n\t\t\t\t<\/div>\n\t\t\t\t<div  class=\"ms-slide\" data-delay=\"1\" data-fill-mode=\"fill\"  >\n\t\t\t\t\t<img decoding=\"async\" src=\"http:\/\/www.isas.edu.ar\/web\/wp-content\/plugins\/master-slider\/public\/assets\/css\/blank.gif\" alt=\"\" title=\"\" data-src=\"http:\/\/www.isas.edu.ar\/web\/wp-content\/uploads\/2014\/10\/ATUEL7-489x350.jpg\" \/>\n\n\n\t<img decoding=\"async\" class=\"ms-thumb\" src=\"http:\/\/www.isas.edu.ar\/web\/wp-content\/uploads\/2014\/10\/ATUEL7-127x137.jpg\" alt=\"\" \/>\n\t<div class=\"ms-thumb\" ><div class=\"ms-tab-context\"><div class=&quot;ms-tab-context&quot;><\/div><\/div>\n<\/div>\n\t\t\t\t<\/div>\n\t\t\t\t<div  class=\"ms-slide\" data-delay=\"3\" data-fill-mode=\"fill\"  >\n\t\t\t\t\t<img decoding=\"async\" src=\"http:\/\/www.isas.edu.ar\/web\/wp-content\/plugins\/master-slider\/public\/assets\/css\/blank.gif\" alt=\"\" title=\"\" data-src=\"http:\/\/www.isas.edu.ar\/web\/wp-content\/uploads\/2014\/10\/isas44-489x350.jpg\" \/>\n\n\n\t<img decoding=\"async\" class=\"ms-thumb\" src=\"http:\/\/www.isas.edu.ar\/web\/wp-content\/uploads\/2014\/10\/isas44-127x137.jpg\" alt=\"\" \/>\n\t<div class=\"ms-thumb\" ><div class=\"ms-tab-context\"><div class=&quot;ms-tab-context&quot;><\/div><\/div>\n<\/div>\n\t\t\t\t<\/div>\n\t\t\t\t<div  class=\"ms-slide\" data-delay=\"3\" data-fill-mode=\"fill\"  >\n\t\t\t\t\t<img decoding=\"async\" src=\"http:\/\/www.isas.edu.ar\/web\/wp-content\/plugins\/master-slider\/public\/assets\/css\/blank.gif\" alt=\"\" title=\"\" data-src=\"http:\/\/www.isas.edu.ar\/web\/wp-content\/uploads\/2014\/10\/isas301-489x350.jpg\" \/>\n\n\n\t<img decoding=\"async\" class=\"ms-thumb\" src=\"http:\/\/www.isas.edu.ar\/web\/wp-content\/uploads\/2014\/10\/isas301-127x137.jpg\" alt=\"\" \/>\n\t<div class=\"ms-thumb\" ><div class=\"ms-tab-context\"><div class=&quot;ms-tab-context&quot;><\/div><\/div>\n<\/div>\n\t\t\t\t<\/div>\n\t\t\t\t<div  class=\"ms-slide\" data-delay=\"3\" data-fill-mode=\"fill\"  >\n\t\t\t\t\t<img decoding=\"async\" src=\"http:\/\/www.isas.edu.ar\/web\/wp-content\/plugins\/master-slider\/public\/assets\/css\/blank.gif\" alt=\"\" title=\"\" data-src=\"http:\/\/www.isas.edu.ar\/web\/wp-content\/uploads\/2014\/10\/isas41-489x350.jpg\" \/>\n\n\n\t<img decoding=\"async\" class=\"ms-thumb\" src=\"http:\/\/www.isas.edu.ar\/web\/wp-content\/uploads\/2014\/10\/isas41-127x137.jpg\" alt=\"\" \/>\n\t<div class=\"ms-thumb\" ><div class=\"ms-tab-context\"><div class=&quot;ms-tab-context&quot;><\/div><\/div>\n<\/div>\n\t\t\t\t<\/div>\n\n\t\t\t<\/div>\n\t\t\t<!-- END MasterSlider Main -->\n\n\t\t\t \n\t\t<\/div>\n\t\t<!-- END MasterSlider -->\n\n\t\t<script>\n\t\t(function ( $ ) {\n\t\t\t\"use strict\";\n\n\t\t\t$(function () {\n\t\t\t\tvar masterslider_5412 = new MasterSlider();\n\n\t\t\t\t\/\/ slider controls\n\t\t\t\tmasterslider_5412.control('arrows'     ,{ autohide:true, overVideo:true  });\n\t\t\t\tmasterslider_5412.control('thumblist'  ,{ autohide:false, overVideo:true, dir:'v', speed:17, inset:false, arrows:false, hover:false, customClass:'', align:'right',type:'thumbs', margin:5, width:127, height:137, space:5, fillMode:'fill'  });\n\t\t\t\tmasterslider_5412.control('scrollbar'  ,{ autohide:false, overVideo:true, dir:'h', inset:true, align:'top', color:'#3D3D3D' , margin:10  , width:4 });\n\t\t\t\t\/\/ slider setup\n\t\t\t\tmasterslider_5412.setup(\"MS69e8c26be5412\", {\n\t\t\t\t\t\twidth           : 489,\n\t\t\t\t\t\theight          : 350,\n\t\t\t\t\t\tminHeight       : 0,\n\t\t\t\t\t\tspace           : 0,\n\t\t\t\t\t\tstart           : 1,\n\t\t\t\t\t\tgrabCursor      : true,\n\t\t\t\t\t\tswipe           : true,\n\t\t\t\t\t\tmouse           : true,\n\t\t\t\t\t\tlayout          : \"partialview\",\n\t\t\t\t\t\twheel           : false,\n\t\t\t\t\t\tautoplay        : true,\n\t\t\t\t\t\tinstantStartLayers:false,\n\t\t\t\t\t\tloop            : true,\n\t\t\t\t\t\tshuffle         : false,\n\t\t\t\t\t\tpreload         : 0,\n\t\t\t\t\t\theightLimit     : true,\n\t\t\t\t\t\tautoHeight      : true,\n\t\t\t\t\t\tsmoothHeight    : true,\n\t\t\t\t\t\tendPause        : false,\n\t\t\t\t\t\toverPause       : true,\n\t\t\t\t\t\tfillMode        : \"fill\",\n\t\t\t\t\t\tcenterControls  : true,\n\t\t\t\t\t\tstartOnAppear   : false,\n\t\t\t\t\t\tlayersMode      : \"center\",\n\t\t\t\t\t\thideLayers      : false,\n\t\t\t\t\t\tfullscreenMargin: 0,\n\t\t\t\t\t\tspeed           : 2,\n\t\t\t\t\t\tdir             : \"h\",\n\t\t\t\t\t\tparallaxMode    : 'swipe',\n\t\t\t\t\t\tview            : \"flow\"\n\t\t\t\t});\n\n\t\t\t\t\n\t\t\t\twindow.masterslider_instances = window.masterslider_instances || [];\n\t\t\t\twindow.masterslider_instances.push( masterslider_5412 );\n\t\t\t });\n\n\t\t})(jQuery);\n\t\t<\/script>\n\n<\/p>\n<p class=\"Default\"><img loading=\"lazy\" decoding=\"async\" class=\"size-full wp-image-4050 aligncenter\" src=\"http:\/\/www.isas.edu.ar\/web\/wp-content\/uploads\/2014\/10\/contacto.png\" alt=\"contacto\" width=\"93\" height=\"91\"><\/p>\n<p style=\"text-align: center;\"><a title=\"CONTACTO\" href=\"http:\/\/www.isas.edu.ar\/web\/contacto-2\/\" target=\"_blank\" rel=\"noopener noreferrer\">\u00bfAlguna duda?<\/a>&nbsp;&nbsp;<\/p>\n<p style=\"text-align: right;\">&nbsp;<\/p>\n<p class=\"Default\">&nbsp; &nbsp; &nbsp; &nbsp; &nbsp; &nbsp; &nbsp; &nbsp; &nbsp; &nbsp; &nbsp; &nbsp; &nbsp; &nbsp; &nbsp; &nbsp; &nbsp; &nbsp; &nbsp; &nbsp; &nbsp; &nbsp; &nbsp; &nbsp; &nbsp; &nbsp; &nbsp; &nbsp; &nbsp; &nbsp; &nbsp; &nbsp; &nbsp; &nbsp; &nbsp; &nbsp; &nbsp; &nbsp; <a href=\"http:\/\/www.isas.edu.ar\/web\/\"><img loading=\"lazy\" decoding=\"async\" class=\"alignright wp-image-3723\" src=\"http:\/\/www.isas.edu.ar\/web\/wp-content\/uploads\/2014\/10\/logo-original-sin-fondo1.png\" alt=\"ir a home\" width=\"119\" height=\"88\" srcset=\"http:\/\/www.isas.edu.ar\/web\/wp-content\/uploads\/2014\/10\/logo-original-sin-fondo1.png 409w, http:\/\/www.isas.edu.ar\/web\/wp-content\/uploads\/2014\/10\/logo-original-sin-fondo1-300x220.png 300w, http:\/\/www.isas.edu.ar\/web\/wp-content\/uploads\/2014\/10\/logo-original-sin-fondo1-400x300.png 400w\" sizes=\"(max-width: 119px) 100vw, 119px\" \/><\/a><\/p>\n","protected":false},"excerpt":{"rendered":"<p>GTA&nbsp;&nbsp;&#8211; &nbsp;guiar y coordinar grupos en actividades de Trekking y Turismo Aventura &nbsp; La orientaci\u00f3n de la carrera es en las distintas disciplinas del Turismo Aventura T\u00edtulo Oficial de Nivel Terciario: &nbsp;T\u00e9cnico Superior en Gu\u00eda de Turismo Aventura &nbsp; (2 a\u00f1os y medio) Aprobado por&nbsp; el Ministerio de Educaci\u00f3n de la Ciudad de Buenos Aires&#8230;. <\/p>\n<div class=\"clear\"><\/div>\n<p><a href=\"http:\/\/www.isas.edu.ar\/web\/guia-de-turismo-aventura\/\" class=\"gdlr-button with-border excerpt-read-more\">Read More<\/a><\/p>\n","protected":false},"author":1,"featured_media":0,"parent":0,"menu_order":0,"comment_status":"closed","ping_status":"closed","template":"","meta":{"footnotes":""},"_links":{"self":[{"href":"http:\/\/www.isas.edu.ar\/web\/wp-json\/wp\/v2\/pages\/3295"}],"collection":[{"href":"http:\/\/www.isas.edu.ar\/web\/wp-json\/wp\/v2\/pages"}],"about":[{"href":"http:\/\/www.isas.edu.ar\/web\/wp-json\/wp\/v2\/types\/page"}],"author":[{"embeddable":true,"href":"http:\/\/www.isas.edu.ar\/web\/wp-json\/wp\/v2\/users\/1"}],"replies":[{"embeddable":true,"href":"http:\/\/www.isas.edu.ar\/web\/wp-json\/wp\/v2\/comments?post=3295"}],"version-history":[{"count":10,"href":"http:\/\/www.isas.edu.ar\/web\/wp-json\/wp\/v2\/pages\/3295\/revisions"}],"predecessor-version":[{"id":30762,"href":"http:\/\/www.isas.edu.ar\/web\/wp-json\/wp\/v2\/pages\/3295\/revisions\/30762"}],"wp:attachment":[{"href":"http:\/\/www.isas.edu.ar\/web\/wp-json\/wp\/v2\/media?parent=3295"}],"curies":[{"name":"wp","href":"https:\/\/api.w.org\/{rel}","templated":true}]}}